{"id":11573,"date":"2023-01-13T14:18:09","date_gmt":"2023-01-13T14:18:09","guid":{"rendered":"https:\/\/tesser4x4.com\/copricassone"},"modified":"2024-05-23T14:54:44","modified_gmt":"2024-05-23T14:54:44","slug":"copricassone","status":"publish","type":"page","link":"https:\/\/tesser4x4.hostpress.me\/it\/copricassone","title":{"rendered":"Copricassone"},"content":{"rendered":"<p>Copricassone <\/p>\n<p>Standard SOT-ROLL<\/p>\n<p>Clicca qui<br \/>\n\t\t\t\t\t\t\t\t\t\tCopricassone<\/p>\n<p>&#8220;Tessera Roll+&#8221;<\/p>\n<p>Clicca qui<br \/>\n\t\t\t\t\t\t\t\t\t\tCopricassone<\/p>\n<p>&#8220;Tessera SE&#8221;<\/p>\n<p>Clicca qui\t\t\t\t<\/p>\n<h1>Acquista una copertura per cassone: per maggiore sicurezza e stile<\/h1>\n<p>Cerchi una <b>copertura per cassone per il tuo pick-up?<\/b> Allora abbiamo proprio quello che stai cercando! Le nostre coperturae per cassone standard SOT-ROLL, Tessera SE e Tessera Roll+ non solo ti offrono protezione dalle intemperie e dai furti, ma anche un look fantastico per il tuo pick-up. Se desideri <b>acquistare una copertura per cassone<\/b> per il tuo fuoristrada, saremo lieti di consigliarti su cosa \u00e8 adatto alla tua auto. Scopri subito i vantaggi dei nostri copricassoni di alta qualit\u00e0 per pick-up e rendi il tuo veicolo un vero e proprio eye-catcher!   <\/p>\n<h2>La copertura ottimale per l&#8217;area di carico<\/h2>\n<p>Offriamo una vasta gamma di <b>copricassoni per pickup<\/b> nel nostro negozio. Non esitate a utilizzare i nostri consigli sulla copertura per cassone giusta per voi. La nostra selezione comprende i seguenti modelli di veicoli:  <\/p>\n<ul>\n<li>Ford Ranger<\/li>\n<li>Nissan Navara<\/li>\n<li>Toyota Hilux<\/li>\n<li>VW Amarok<\/li>\n<li>Isuzu D-MAX<\/li>\n<li>SsangYong Musso<\/li>\n<li>Jeep Gladiator<\/li>\n<li>Mercedes Classe X<\/li>\n<li>e molti altri<\/li>\n<\/ul>\n<p>\n            <strong><br \/>\n              Se hai domande, siamo qui per te:<br \/>\n            <\/strong>\n          <\/p>\n<ul>\n<li>\n\t\t\t\t\t\t\t\t\t\ttelefonicamente al numero 351 534 07 45\n\t\t\t\t\t\t\t\t\t<\/li>\n<li>\n\t\t\t\t\t\t\t\t\t\toppure contattaci tramite il modulo di contatto\n\t\t\t\t\t\t\t\t\t<\/li>\n<\/ul>\n<h2>I vantaggi di una copertura per cassone<\/h2>\n<p>Una <b>copertura per cassone per pickup<\/b> \u00e8 utile, pratica e migliora l&#8217;esperienza di guida e la funzionalit\u00e0 del tuo veicolo. A differenza di un semplice telone, la <b>copertura per cassone Tesser4x4<\/b> offre una stabilit\u00e0 notevolmente maggiore ed \u00e8 pi\u00f9 resistente alle intemperie, robusta e durevole. <\/p>\n<p>Questi sono i vantaggi di una <b>copertura per cassone per il tuo pick-up<\/b>:<\/p>\n<ul>\n<li><b>Protezione dagli agenti atmosferici:<\/b> una copertura per cassone protegge il contenuto del pianale del pickup da pioggia, neve, grandine, luce solare e altri elementi. Ci\u00f2 significa che il carico rimane asciutto e protetto, soprattutto durante i viaggi pi\u00f9 lunghi o con i veicoli parcheggiati all&#8217;aperto. <\/li>\n<li><b>Protezione contro i furti:<\/b> la <b>copertura per cassone<\/b> fornisce protezione contro i furti nascondendo la vista dello spazio di carico e utilizzando un sistema di bloccaggio per impedire ai potenziali ladri di accedere rapidamente e facilmente al contenuto. Ci\u00f2 aumenta la sicurezza degli oggetti di valore, degli strumenti o delle attrezzature trasportati nel pianale del camioncino. <\/li>\n<li><b>Aerodinamica ed efficienza del carburante:<\/b> una copertura pu\u00f2 migliorare l&#8217;aerodinamica del pick-up ottimizzando il flusso d&#8217;aria attorno al veicolo. Ci\u00f2 riduce la resistenza dell&#8217;aria, il che significa che il veicolo consuma meno carburante. <\/li>\n<li><b>Versatilit\u00e0 e flessibilit\u00e0: <\/b> le nostre moderne <b>copertura per cassone<\/b> offrono la possibilit\u00e0 di coprire parzialmente o completamente il vano di carico. Ci\u00f2 significa che puoi utilizzare lo spazio di carico in modo pi\u00f9 flessibile, a seconda delle tue esigenze. Gli autisti dei pickup possono facilmente aprire, chiudere o rimuovere le coperture per accedere pi\u00f9 facilmente al vano di carico.  <\/li>\n<li><b>Aspetto estetico:<\/b> una <b>copertura per cassone per pickup<\/b> di alta qualit\u00e0 conferisce al tuo pickup un aggiornamento estetico. La copertura conferisce alla tua auto un aspetto robusto e di alta qualit\u00e0. <\/li>\n<\/ul>\n<h2>Copri e proteggi in modo ottimale il vano di carico del tuo pickup<\/h2>\n<p>Le nostre coperture per cassone sono disponibili per adattarsi a vari veicoli fuoristrada. Nel nostro <a href=\"https:\/\/tesser4x4.hostpress.me\/it\">negozio di accessori fuoristrada<\/a> troverai tre diversi modelli di copertura: <\/p>\n<ul>\n<li>La <a href=\"https:\/\/tesser4x4.hostpress.me\/it\/laderaumabdeckung-standardit\">copertura per cassone standard Tesser4x4<\/a> \u00e8 una robusta tenda avvolgibile in alluminio per vano di carico che protegge in modo ottimale il vostro spazio di carico. Ha un asse in alluminio \u03a680mm con cuscinetti a sfera e molla di riavvolgimento ed \u00e8 stato sviluppato appositamente per carichi pesanti.<\/li>\n<li>La <a href=\"https:\/\/tesser4x4.hostpress.me\/it\/copricassone-tessera-se\">copertura per cassone Tessera SE<\/a> \u00e8 un elegante tetto avvolgibile realizzato con lamelle di alluminio che, grazie alla sua forma aerodinamica, riduce il consumo di carburante e rende il pick-up ancora pi\u00f9 sportivo. Il profilo in alluminio appositamente brevettato protegge dai furti con scasso e dalle infiltrazioni d&#8217;acqua. La copertura per cassone Tessera SE \u00e8 disponibile solo nella versione manuale. Ulteriori accessori possono essere montati tramite le scanalature a T senza forare: per un facile utilizzo e un&#8217;integrazione ottimale con reling\/parapetti e roll bar.  <\/li>\n<li>La <a href=\"https:\/\/tesser4x4.hostpress.me\/it\/copricassone-avantgarde-tessera-roll\">copertura per cassone Avantgarde Tessera Roll+<\/a> \u00e8 una variante particolarmente pratica poich\u00e9 pu\u00f2 essere facilmente arrotolata, facilitando l&#8217;accesso al vano di carico. \u00c8 preciso e facile da usare ed \u00e8 disponibile in 3 versioni: manuale, a molla o elettrica. L&#8217;installazione di accessori aggiuntivi con le scanalature a T \u00e8 possibile senza forare. I parapetti\/reling e il roll bar possono essere facilmente fissati. La copertura per cassone Tessera Roll+ \u00e8 progettata per ottimizzare il flusso d&#8217;aria intorno al veicolo. Ci\u00f2 riduce la resistenza dell&#8217;aria e migliora l&#8217;aerodinamica.    <\/li>\n<\/ul>\n<p>\n            <strong><br \/>\n              Se hai domande, siamo qui per te:<br \/>\n            <\/strong>\n          <\/p>\n<ul>\n<li>\n\t\t\t\t\t\t\t\t\t\ttelefonicamente al numero 351 534 07 45\n\t\t\t\t\t\t\t\t\t<\/li>\n<li>\n\t\t\t\t\t\t\t\t\t\toppure contattaci tramite il modulo di contatto\n\t\t\t\t\t\t\t\t\t<\/li>\n<\/ul>\n<h2>Cosa devo considerare durante il montaggio?<\/h2>\n<p>Tutte le <b>coperture per cassone<\/b> sono facili da installare e possono essere rimosse in qualsiasi momento. Vi forniamo ampie informazioni sul montaggio sotto forma di istruzioni e video di montaggio. Sul nostro sito troverai le <b>istruzioni per installare la tua copertura per cassone per tutti i modelli<\/b> della nostra gamma. Basta scaricarlo come PDF.   <\/p>\n<p>Che si tratti del Ford Ranger con doppia cabina (Double Cab), che pu\u00f2 ospitare 5 persone, della Toyota Hilux Revo per 4 persone o di molti altri modelli di veicoli di noti produttori come Mercedes, VW, Isuzu, Nissan e altri: <b>coprendo il vano di carico con una copertura<\/b> chiudi, proteggi il tuo carico!<\/p>\n<h3>Acquista la copertura per cassone Tesser4x4: pi\u00f9 protezione e comfort! <\/h3>\n<p>Convinciti delle nostre coperture per cassone di alta qualit\u00e0. Indipendentemente dalla <b>variante della copertura per cassone Tesser4x4 che desideri acquistare<\/b>: nel nostro negozio troverai sicuramente il modello giusto per la tua auto. Le nostre <b>coperture per cassone<\/b> si integrano perfettamente con gli altri accessori per pick-up, come parapetti\/reling, roll bar e bull bar\/bull catch, portapacchi e molte altre parti. I nostri copricassoni vengono costantemente sviluppati dal punto di vista tecnologico e convincono per la loro qualit\u00e0, durata e design. Ordina ora nel nostro negozio di accessori fuoristrada e approfitta della nostra spedizione veloce e del nostro servizio clienti di prima classe.    <\/p>\n<h3>Se fai clic sul rispettivo marchio, vedrai una panoramica dei copricassoni disponbili. <\/h3>\n<ul>\n<li><a title=\"Copricassone-Ford-Ranger\" href=\"https:\/\/tesser4x4.hostpress.me\/it\/copricassone-ford-ranger\">Copricassone-Ford-Ranger<\/a><\/li>\n<li><a title=\"Copricassone-ISUZU-D-Max\" href=\"https:\/\/tesser4x4.hostpress.me\/it\/copricassone-isuzu-d-max\">Copricassone-ISUZU-D-Max<\/a><\/li>\n<li><a title=\"Copricassone-Toyota-Hilux\" href=\"https:\/\/tesser4x4.hostpress.me\/it\/copricassone-toyota-hilux\">Copricassone-Toyota-Hilux<\/a><\/li>\n<li><a title=\"Copricassone-VW-Amarok\" href=\"https:\/\/tesser4x4.hostpress.me\/it\/copricassone-vw-amarok\">Copricassone-VW-Amarok<\/a><\/li>\n<li><a title=\"Mitsubishi-L200-Copricassone\" href=\"https:\/\/tesser4x4.hostpress.me\/it\/copricassone-mitsubishi-l200\">Mitsubishi-L200-Copricassone<\/a><\/li>\n<li><a title=\"Nissan-Navara-Copricassone\" href=\"https:\/\/tesser4x4.hostpress.me\/it\/copricassone-nissan-navara\">Nissan-Navara-Copricassone<\/a><\/li>\n<li><a title=\"Dodge-Ram-Copricassone\" href=\"https:\/\/tesser4x4.hostpress.me\/it\/copricassone-dodge-ram\">Dodge-Ram-Copricassone<\/a><\/li>\n<li><a title=\"Jeep-Gladiator-Copricassone\" href=\"https:\/\/tesser4x4.hostpress.me\/it\/copricassone-jeep-gladiator\">Jeep-Gladiator-Copricassone<\/a><\/li>\n<li><a title=\"GMC-Sierra-Copricassone\" href=\"https:\/\/tesser4x4.hostpress.me\/it\/copricassone-gmc-sierra\">GMC-Sierra-Copricassone<\/a><\/li>\n<li><a title=\"Chevrolet-Silverado-Copricassone\" href=\"https:\/\/tesser4x4.hostpress.me\/it\/copricassone-chevrolet-silverado\">Chevrolet-Silverado-Copricassone<\/a><\/li>\n<li><a title=\"SsangYong-Copricassone\" href=\"https:\/\/tesser4x4.hostpress.me\/it\/copricassone-ssangyong\">SsangYong-Copricassone<\/a><\/li>\n<li><a title=\"Mercedes-Copricassone\" href=\"https:\/\/tesser4x4.hostpress.me\/it\/copricassone-mercedes\">Mercedes-Copricassone<\/a><\/li>\n<li>e molti altri<\/li>\n<\/ul>\n","protected":false},"excerpt":{"rendered":"<p>Copricassone Standard SOT-ROLL Clicca qui Copricassone &#8220;Tessera Roll+&#8221; Clicca qui Copricassone &#8220;Tessera SE&#8221; Clicca qui Acquista una copertura per cassone: per maggiore sicurezza e stile Cerchi una copertura per cassone per il tuo pick-up? Allora abbiamo proprio quello che stai cercando! Le nostre coperturae per cassone standard SOT-ROLL, Tessera SE e Tessera Roll+ non solo &hellip;<\/p>\n<p class=\"read-more\"> <a class=\"\" href=\"https:\/\/tesser4x4.hostpress.me\/it\/copricassone\"> <span class=\"screen-reader-text\">Copricassone<\/span> Leggi altro &raquo;<\/a><\/p>\n","protected":false},"author":1,"featured_media":0,"parent":0,"menu_order":0,"comment_status":"closed","ping_status":"closed","template":"elementor_header_footer","meta":{"site-sidebar-layout":"no-sidebar","site-content-layout":"page-builder","ast-global-header-display":"","ast-main-header-display":"","ast-hfb-above-header-display":"","ast-hfb-below-header-display":"","ast-hfb-mobile-header-display":"","site-post-title":"disabled","ast-breadcrumbs-content":"","ast-featured-img":"disabled","footer-sml-layout":"","theme-transparent-header-meta":"","adv-header-id-meta":"","stick-header-meta":"","header-above-stick-meta":"","header-main-stick-meta":"","header-below-stick-meta":"","footnotes":""},"class_list":["post-11573","page","type-page","status-publish","hentry"],"_links":{"self":[{"href":"https:\/\/tesser4x4.hostpress.me\/it\/wp-json\/wp\/v2\/pages\/11573","targetHints":{"allow":["GET"]}}],"collection":[{"href":"https:\/\/tesser4x4.hostpress.me\/it\/wp-json\/wp\/v2\/pages"}],"about":[{"href":"https:\/\/tesser4x4.hostpress.me\/it\/wp-json\/wp\/v2\/types\/page"}],"author":[{"embeddable":true,"href":"https:\/\/tesser4x4.hostpress.me\/it\/wp-json\/wp\/v2\/users\/1"}],"replies":[{"embeddable":true,"href":"https:\/\/tesser4x4.hostpress.me\/it\/wp-json\/wp\/v2\/comments?post=11573"}],"version-history":[{"count":6,"href":"https:\/\/tesser4x4.hostpress.me\/it\/wp-json\/wp\/v2\/pages\/11573\/revisions"}],"predecessor-version":[{"id":18991,"href":"https:\/\/tesser4x4.hostpress.me\/it\/wp-json\/wp\/v2\/pages\/11573\/revisions\/18991"}],"wp:attachment":[{"href":"https:\/\/tesser4x4.hostpress.me\/it\/wp-json\/wp\/v2\/media?parent=11573"}],"curies":[{"name":"wp","href":"https:\/\/api.w.org\/{rel}","templated":true}]}}