{"id":18747,"date":"2024-05-17T06:26:10","date_gmt":"2024-05-17T06:26:10","guid":{"rendered":"https:\/\/tesser4x4.com\/copricassone-ford-ranger"},"modified":"2024-05-22T06:45:11","modified_gmt":"2024-05-22T06:45:11","slug":"copricassone-ford-ranger","status":"publish","type":"page","link":"https:\/\/tesser4x4.hostpress.me\/it\/copricassone-ford-ranger","title":{"rendered":"Copricassone Ford Ranger"},"content":{"rendered":"<h1>Copertura vano di carico Ford Ranger: coperture di alta qualit\u00e0 per gli appassionati del fuoristrada<\/h1>\n<p>\n            Se stai cercando una <strong>copertura per cassone Ford Ranger<\/strong> robusta e affidabile, sei nel posto giusto. Tesser4x4 \u00e8 leader nella distribuzione di coperture di alta qualit\u00e0 che soddisfano tutti i requisiti e proteggono in modo ottimale lo spazio di carico del tuo Ford Ranger.\n          <\/p>\n<h2>I nostri bestseller nella categoria Coperture per vano di carico Ford Ranger:<\/h2>\n<h2>Abbiamo queste coperture per il vano di carico per il Ford Ranger nella nostra gamma<\/h2>\n<ul>\n<li>\n              <a href=\"https:\/\/tesser4x4.hostpress.me\/it\/shop\/?yith_wcan=1&amp;fahrzeug=ford&amp;product_cat=copertura-cassone\">Copertura per vano di carico Ford Ranger standard<\/a>: robusta tenda avvolgibile per vano di carico in alluminio per proteggere in modo ottimale il vostro spazio di stivaggio; appositamente sviluppato per carichi pesanti\n            <\/li>\n<li>\n              <a href=\"https:\/\/tesser4x4.hostpress.me\/it\/shop\/?yith_wcan=1&amp;fahrzeug=ford&amp;product_cat=copricassone-tessera-se\">Copertura del vano di carico Ford Ranger Tessera SE<\/a>: copertura sportiva avvolgibile in lamelle di alluminio; riduce il consumo di carburante grazie alla sua forma aerodinamica; protezione antieffrazione e contro le intemperie particolarmente elevata; disponibile solo nella versione manuale\n            <\/li>\n<li>\n              <a href=\"https:\/\/tesser4x4.hostpress.me\/it\/shop\/?yith_wcan=1&amp;fahrzeug=ford&amp;product_cat=copricassone-tessera4x4-roll\">Copertura del vano di carico Ford Ranger Avantgarde Tessera Roll+<\/a>: versione pratica della copertura avvolgibile, con accesso particolarmente facile al vano di carico; riduce il consumo di carburante grazie alla sua forma aerodinamica; disponibile in 3 varianti (manuale, a molla o elettrico)\n            <\/li>\n<\/ul>\n<p>\n            Dai subito un&#8217;occhiata al nostro negozio e ordina oggi stesso con spedizione gratuita!\n          <\/p>\n<p>\n            <br \/>\n              <strong>&gt;&gt;&gt; <a href=\"https:\/\/tesser4x4.hostpress.me\/it\/shop\/?yith_wcan=1&amp;fahrzeug=ford&amp;product_cat=copertura-cassone,copricassone-tessera4x4-roll,copricassone-tessera-se\">direttamente al negozio Ford Ranger<\/a><\/strong>\n          <\/p>\n<p>\n            <strong><br \/>\n              Se hai domande, siamo qui per te:<br \/>\n            <\/strong>\n          <\/p>\n<ul>\n<li>\n\t\t\t\t\t\t\t\t\t\ttelefonicamente al numero 351 534 07 45\n\t\t\t\t\t\t\t\t\t<\/li>\n<li>\n\t\t\t\t\t\t\t\t\t\toppure contattaci tramite il modulo di contatto\n\t\t\t\t\t\t\t\t\t<\/li>\n<\/ul>\n<h2>Copertura Ford Ranger: una copertura per il vano di carico ti offre questi vantaggi<\/h2>\n<ul>\n<li>\n              <strong>Protezione dalle intemperie:<\/strong> una copertura per vano di carico Ford Ranger protegge il contenuto del vano di carico da pioggia, neve, grandine, ecc. Ci\u00f2 significa che il tuo carico rimane asciutto e intatto, anche in caso di maltempo.\n            <\/li>\n<li>\n              <strong>Protezione antifurto:<\/strong> una copertura Ford Ranger fornisce ulteriore sicurezza bloccando la vista del contenuto del vano di carico e impedendo l&#8217;accesso non autorizzato. In questo modo potrete proteggere in modo affidabile il vostro carico da furti e atti vandalici.\n            <\/li>\n<li>\n              <strong>Maggiore sicurezza del carico:<\/strong> la copertura protegge il carico e impedisce agli oggetti di scivolare, ribaltarsi o cadere durante la guida. Dadurch minimieren Sie das Risiko von Besch\u00e4digungen sowohl an der Ladung als auch an Ihrem Fahrzeug selbst.\n            <\/li>\n<li>\n              <strong>Aerodinamica ed efficienza del carburante migliorate:<\/strong> una copertura del tonneau riduce la resistenza e migliora l&#8217;aerodinamica del tuo Ford Ranger. Ci\u00f2 ottimizza il flusso d&#8217;aria intorno al veicolo e riduce il consumo di carburante.\n            <\/li>\n<\/ul>\n<p>\t\t\t\t\t\t\t\t\t\t\t\t\t<img decoding=\"async\" width=\"1024\" height=\"594\" src=\"https:\/\/tesser4x4.hostpress.me\/wp-content\/uploads\/2023\/09\/ford-ranger-laderaumabdeckung-1024x594.jpg\" alt=\"Ford Ranger Laderaumabdeckung\" srcset=\"https:\/\/tesser4x4.hostpress.me\/wp-content\/uploads\/2023\/09\/ford-ranger-laderaumabdeckung-1024x594.jpg 1024w, https:\/\/tesser4x4.hostpress.me\/wp-content\/uploads\/2023\/09\/ford-ranger-laderaumabdeckung-300x174.jpg 300w, https:\/\/tesser4x4.hostpress.me\/wp-content\/uploads\/2023\/09\/ford-ranger-laderaumabdeckung-768x445.jpg 768w, https:\/\/tesser4x4.hostpress.me\/wp-content\/uploads\/2023\/09\/ford-ranger-laderaumabdeckung-1536x890.jpg 1536w, https:\/\/tesser4x4.hostpress.me\/wp-content\/uploads\/2023\/09\/ford-ranger-laderaumabdeckung-600x348.jpg 600w, https:\/\/tesser4x4.hostpress.me\/wp-content\/uploads\/2023\/09\/ford-ranger-laderaumabdeckung.jpg 1920w\" sizes=\"(max-width: 1024px) 100vw, 1024px\" \/>\t\t\t\t\t\t\t\t\t\t\t\t\t<\/p>\n<h2>Copertura del vano di carico per Ford Ranger Wildtrak, Limited, Raptor &amp; Co: potete contare su Tesser4x4! <\/h2>\n<ul>\n<li>\n              <strong>Qualit\u00e0 eccellente:<\/strong> le nostre coperture per cassone sono realizzate con materiali di prima qualit\u00e0, quindi possiamo garantirvi una lunga durata. Sono realizzati in plastica resistente e alluminio e sono appositamente progettati per resistere alle sfide di condizioni avverse.\n            <\/li>\n<li>\n              <strong>Precisione di adattamento:<\/strong> ogni copertura Tesser4x4 \u00e8 prodotta in modo tale da garantire che si adatti perfettamente. Garantiamo un montaggio facile e una protezione ottimale dello spazio di carico dagli effetti degli agenti atmosferici, dai furti e dai danni.\n            <\/li>\n<li>\n              <strong>Installazione semplice:<\/strong> con le nostre istruzioni di installazione intuitive, puoi installare facilmente il tuo copricassone da solo. Se hai ancora bisogno di supporto, il nostro servizio clienti sar\u00e0 felice di aiutarti.\n            <\/li>\n<li>\n              <strong>Design elegante:<\/strong> oltre all&#8217;aspetto funzionale, diamo importanza a un design moderno. Le nostre coperture per il vano di carico conferiscono al tuo Ford Ranger un&#8217;estetica di alta qualit\u00e0 e allo stesso tempo rendono il vano di carico pi\u00f9 durevole.\n            <\/li>\n<\/ul>\n<h3>Abbiamo la copertura giusta per i seguenti modelli Ford Ranger <\/h3>\n<ul>\n<li>Ford Ranger Raptor T6.2 (P703)<\/li>\n<li>Ford Ranger Raptor Super Cab (SC)<\/li>\n<li>Ford Ranger Raptor Double Cab (DC) (doppia cabina)<\/li>\n<li>Ford Ranger Wildtrak Super Cab (SC)<\/li>\n<li>Ford Ranger Wildtrak Double Cap (DC) (doppia cabina)<\/li>\n<li>Ford Ranger Platinum Double Cap (DC) (doppia cabina)<\/li>\n<li>Ford F-150<\/li>\n<li>Ford Ranger Limited Super Cab (SC)<\/li>\n<li>Ford Ranger Limited Double Cab (DC) (doppia cabina)<\/li>\n<li>Ford Ranger XL Double Cab (DC) (doppia cabina)<\/li>\n<li>Ford Ranger XLT Double Cab (DC) (doppia cabina)<\/li>\n<li>Ford Ranger XL Super Cab (SC)<\/li>\n<li>Ford Ranger XLT Super Cab (SC)<\/li>\n<\/ul>\n<p>\n            <strong><br \/>\n              Se hai domande, siamo qui per te:<br \/>\n            <\/strong>\n          <\/p>\n<ul>\n<li>\n\t\t\t\t\t\t\t\t\t\ttelefonicamente al numero 351 534 07 45\n\t\t\t\t\t\t\t\t\t<\/li>\n<li>\n\t\t\t\t\t\t\t\t\t\toppure contattaci tramite il modulo di contatto\n\t\t\t\t\t\t\t\t\t<\/li>\n<\/ul>\n<h3>Tesser4x4: il vostro partner ideale per le coperture del vano di carico del Ford Ranger<\/h3>\n<p>          Scopri oggi stesso le coperture premium della Tesser4x4 per il tuo Ford Ranger. Massimizza l&#8217;utilit\u00e0 del tuo pickup proteggi il prezioso contenuto del tuo vano di carico. Ordina ora con spedizione gratuita in Italia e sperimenta la massima qualit\u00e0 e affidabilit\u00e0 per cui Tesser4x4 \u00e8 noto.<br \/>\n          Contattaci se hai domande o desideri maggiori informazioni. Il nostro team dedicato \u00e8 a tua disposizione: <\/p>\n<p>\n            <strong><br \/>\n              Se hai domande, siamo qui per te:<br \/>\n            <\/strong>\n          <\/p>\n<ul>\n<li>\n\t\t\t\t\t\t\t\t\t\ttelefonicamente al numero 351 534 07 45\n\t\t\t\t\t\t\t\t\t<\/li>\n<li>\n\t\t\t\t\t\t\t\t\t\toppure contattaci tramite il modulo di contatto\n\t\t\t\t\t\t\t\t\t<\/li>\n<\/ul>\n","protected":false},"excerpt":{"rendered":"<p>Copertura vano di carico Ford Ranger: coperture di alta qualit\u00e0 per gli appassionati del fuoristrada Se stai cercando una copertura per cassone Ford Ranger robusta e affidabile, sei nel posto giusto. Tesser4x4 \u00e8 leader nella distribuzione di coperture di alta qualit\u00e0 che soddisfano tutti i requisiti e proteggono in modo ottimale lo spazio di carico &hellip;<\/p>\n<p class=\"read-more\"> <a class=\"\" href=\"https:\/\/tesser4x4.hostpress.me\/it\/copricassone-ford-ranger\"> <span class=\"screen-reader-text\">Copricassone Ford Ranger<\/span> Leggi altro &raquo;<\/a><\/p>\n","protected":false},"author":1,"featured_media":0,"parent":0,"menu_order":0,"comment_status":"closed","ping_status":"closed","template":"","meta":{"site-sidebar-layout":"no-sidebar","site-content-layout":"page-builder","ast-global-header-display":"","ast-main-header-display":"","ast-hfb-above-header-display":"","ast-hfb-below-header-display":"","ast-hfb-mobile-header-display":"","site-post-title":"disabled","ast-breadcrumbs-content":"","ast-featured-img":"disabled","footer-sml-layout":"","theme-transparent-header-meta":"","adv-header-id-meta":"","stick-header-meta":"","header-above-stick-meta":"","header-main-stick-meta":"","header-below-stick-meta":"","footnotes":""},"class_list":["post-18747","page","type-page","status-publish","hentry"],"_links":{"self":[{"href":"https:\/\/tesser4x4.hostpress.me\/it\/wp-json\/wp\/v2\/pages\/18747","targetHints":{"allow":["GET"]}}],"collection":[{"href":"https:\/\/tesser4x4.hostpress.me\/it\/wp-json\/wp\/v2\/pages"}],"about":[{"href":"https:\/\/tesser4x4.hostpress.me\/it\/wp-json\/wp\/v2\/types\/page"}],"author":[{"embeddable":true,"href":"https:\/\/tesser4x4.hostpress.me\/it\/wp-json\/wp\/v2\/users\/1"}],"replies":[{"embeddable":true,"href":"https:\/\/tesser4x4.hostpress.me\/it\/wp-json\/wp\/v2\/comments?post=18747"}],"version-history":[{"count":9,"href":"https:\/\/tesser4x4.hostpress.me\/it\/wp-json\/wp\/v2\/pages\/18747\/revisions"}],"predecessor-version":[{"id":18933,"href":"https:\/\/tesser4x4.hostpress.me\/it\/wp-json\/wp\/v2\/pages\/18747\/revisions\/18933"}],"wp:attachment":[{"href":"https:\/\/tesser4x4.hostpress.me\/it\/wp-json\/wp\/v2\/media?parent=18747"}],"curies":[{"name":"wp","href":"https:\/\/api.w.org\/{rel}","templated":true}]}}