{"id":18934,"date":"2024-05-22T07:12:04","date_gmt":"2024-05-22T07:12:04","guid":{"rendered":"https:\/\/tesser4x4.com\/copricassone-toyota-hilux"},"modified":"2024-05-22T07:12:05","modified_gmt":"2024-05-22T07:12:05","slug":"copricassone-toyota-hilux","status":"publish","type":"page","link":"https:\/\/tesser4x4.hostpress.me\/it\/copricassone-toyota-hilux","title":{"rendered":"copricassone toyota hilux"},"content":{"rendered":"<style>\/*! elementor - v3.21.0 - 20-05-2024 *\/\n.elementor-heading-title{padding:0;margin:0;line-height:1}.elementor-widget-heading .elementor-heading-title[class*=elementor-size-]>a{color:inherit;font-size:inherit;line-height:inherit}.elementor-widget-heading .elementor-heading-title.elementor-size-small{font-size:15px}.elementor-widget-heading .elementor-heading-title.elementor-size-medium{font-size:19px}.elementor-widget-heading .elementor-heading-title.elementor-size-large{font-size:29px}.elementor-widget-heading .elementor-heading-title.elementor-size-xl{font-size:39px}.elementor-widget-heading .elementor-heading-title.elementor-size-xxl{font-size:59px}<\/style>\n<h1>Copertura del vano di carico Toyota Hilux: protezione affidabile del vano di carico e del pickup<\/h1>\n<p>\n            Con le nostre robuste <strong>coperture per vano di carico Toyota Hilux<\/strong> proteggi il veicolo e il vano di carico da accessi non autorizzati. Le tendine avvolgibili del vano di carico in alluminio di alta qualit\u00e0 da un lato rendono pi\u00f9 difficili le effrazioni e i furti, ma migliorano anche l&#8217;aerodinamica del pick-up e riducono cos\u00ec notevolmente la resistenza dell&#8217;aria e quindi il consumo di carburante. <\/p>\n<p>            Ordina ora nel nostro negozio online e scegli tra <strong>tre tipi di copertura per il tuo vano di carico<\/strong> dei modelli Hilux Revo e Vigo ( doppia cabina o extra cab).\n          <\/p>\n<h2>I nostri bestseller nella categoria Coperture per vano di carico Toyota Hilux:<\/h2>\n<h2>Nella nostra gamma abbiamo queste coperture per il vano di carico per la Toyota Hilux: <\/h2>\n<ul>\n<li>\n              <a href=\"https:\/\/tesser4x4.hostpress.me\/it\/shop\/?yith_wcan=1&amp;fahrzeug=toyota&amp;product_cat=copertura-cassone\">Copertura del vano di carico Toyota Hilux di serie<\/a>: robusta copertura del vano di carico in alluminio per proteggere in modo affidabile il vostro vano di carico; appositamente sviluppato per carichi pesanti\n            <\/li>\n<li>\n              <a href=\"https:\/\/tesser4x4.hostpress.me\/it\/shop\/?yith_wcan=1&amp;fahrzeug=toyota&amp;product_cat=copricassone-tessera-se\">Copertura del vano di carico Toyota Hilux Tessera SE<\/a>: copertura sportiva avvolgibile realizzata con lamelle di alluminio; riduce il consumo di carburante grazie alla sua forma aerodinamica; eccellente protezione antieffrazione e dagli agenti atmosferici; Copertina disponibile solo nella versione manuale\n            <\/li>\n<li>\n              <a href=\"https:\/\/tesser4x4.hostpress.me\/it\/shop\/?yith_wcan=1&amp;fahrzeug=toyota&amp;product_cat=copricassone-tessera4x4-roll\">Copertura del vano di carico Toyota Hilux Avantgarde Tessera Roll+<\/a>: versione particolarmente flessibile della copertura avvolgibile in alluminio, con accesso estremamente facile al vano di carico; riduce il consumo di carburante grazie alla sua forma aerodinamica; Copertura disponibile in 3 varianti (manuale, a molla o elettrica)\n            <\/li>\n<\/ul>\n<p>\n            Nel nostro negozio troverai coperture per i modelli Toyota Hilux Double Cab e Toyota Hilux Extra Cap e altro ancora. Dai un&#8217;occhiata adesso e ordina oggi stesso con spedizione gratuita!\n          <\/p>\n<p>\n            <br \/>\n              <strong>&gt;&gt;&gt; <a href=\"https:\/\/tesser4x4.hostpress.me\/it\/shop\/?yith_wcan=1&amp;fahrzeug=toyota&amp;product_cat=copricassone-tessera4x4-roll,copricassone-tessera-se,copertura-cassone\">direttamente al negozio Toyota Hilux<\/a><\/strong>\n          <\/p>\n<h2>Coperture versatili per il vano di carico per Toyota Hilux <\/h2>\n<p>\n            Che tu sia un appassionato avventuriero che ama i <strong>viaggi fuoristrada<\/strong> o un commerciante professionista che ha bisogno di trasportare i suoi attrezzi <strong>in sicurezza<\/strong>, i nostri copricassoniToyota Hilux ti offrono una soluzione su misura! Nel nostro <a href=\"https:\/\/tesser4x4.hostpress.me\/shop\">negozio di accessori fuoristrada <\/a> troverai un&#8217;ampia selezione di copricassoni di alta qualit\u00e0 per il vano di carico della tua T<strong>oyota Hilux Revo o Vigo (Extra Cab o Double Cab).<\/strong>\n          <\/p>\n<p>\n            Scopri subito i vantaggi imbattibili di una copertura del vano di carico di alta qualit\u00e0 per la tua amata Toyota Hilux.\n          <\/p>\n<p>\n            <strong><br \/>\n              Se hai domande, siamo qui per te:<br \/>\n            <\/strong>\n          <\/p>\n<link rel=\"stylesheet\" href=\"https:\/\/tesser4x4.hostpress.me\/wp-content\/plugins\/elementor\/assets\/css\/widget-icon-list.min.css\">\n<ul>\n<li>\n\t\t\t\t\t\t\t\t\t\ttelefonicamente al numero 351 534 07 45\n\t\t\t\t\t\t\t\t\t<\/li>\n<li>\n\t\t\t\t\t\t\t\t\t\toppure contattaci tramite il modulo di contatto\n\t\t\t\t\t\t\t\t\t<\/li>\n<\/ul>\n<h2>Una copertura per il vano di carico della tua Toyota Hilux offre i seguenti vantaggi: <\/h2>\n<ul>\n<li><strong>Sicurezza e protezione:<\/strong> le nostre coperture per cassone sono progettate specificatamente per proteggere il contenuto del tuo vano di carico dagli agenti atmosferici, dai furti e da sguardi indiscreti. Con materiali robusti e sistemi di chiusura innovativi, garantiamo che il tuo carico rimanga sicuro e protetto, ovunque tu vada. <\/li>\n<li><strong>Flessibilit\u00e0 e funzionalit\u00e0:<\/strong> le coperture del vano di carico del Toyota Hilux possono essere aperte e chiuse in modo flessibile. Le coperture a rullo sono facili da aprire e offrono comunque la massima sicurezza quando sono chiuse. Cos\u00ec trasformerai il tuo pick-up, indipendentemente dal fatto che si tratti di un modello Toyota Hilux Extra Cab o doppia cabina, in un compagno versatile per tutte le tue attivit\u00e0.  <\/li>\n<li><strong>Aerodinamica:<\/strong> grazie al design aerodinamico delle nostre coperture per Toyota Hilux, la resistenza dell&#8217;aria \u00e8 ridotta al minimo, con conseguente miglioramento dell&#8217;efficienza del carburante. Non solo risparmierai denaro alla stazione di servizio, ma contribuirai anche attivamente alla tutela dell&#8217;ambiente. <\/li>\n<li><strong>Qualit\u00e0:<\/strong> Per noi la qualit\u00e0 viene prima di tutto. Ogni copricassone Toyota Hilux della nostra gamma \u00e8 stata rigorosamente testata per garantire che soddisfi gli standard pi\u00f9 elevati. Lavoriamo solo con il rinomato produttore Tessera, che utilizza i materiali pi\u00f9 moderni e le tecnologie collaudate per fornirvi prodotti affidabili e durevoli.  <\/li>\n<\/ul>\n<style>\/*! elementor - v3.21.0 - 20-05-2024 *\/\n.elementor-widget-image{text-align:center}.elementor-widget-image a{display:inline-block}.elementor-widget-image a img[src$=\".svg\"]{width:48px}.elementor-widget-image img{vertical-align:middle;display:inline-block}<\/style>\n<p>\t\t\t\t\t\t\t\t\t\t<img decoding=\"async\" width=\"1024\" height=\"657\" src=\"https:\/\/tesser4x4.hostpress.me\/wp-content\/uploads\/2023\/09\/toyota-hilux-laderaumabdeckung-1024x657.jpg\" alt=\"Toyota Hilux Laderaumabdeckung\" srcset=\"https:\/\/tesser4x4.hostpress.me\/wp-content\/uploads\/2023\/09\/toyota-hilux-laderaumabdeckung-1024x657.jpg 1024w, https:\/\/tesser4x4.hostpress.me\/wp-content\/uploads\/2023\/09\/toyota-hilux-laderaumabdeckung-300x193.jpg 300w, https:\/\/tesser4x4.hostpress.me\/wp-content\/uploads\/2023\/09\/toyota-hilux-laderaumabdeckung-768x493.jpg 768w, https:\/\/tesser4x4.hostpress.me\/wp-content\/uploads\/2023\/09\/toyota-hilux-laderaumabdeckung-1536x986.jpg 1536w, https:\/\/tesser4x4.hostpress.me\/wp-content\/uploads\/2023\/09\/toyota-hilux-laderaumabdeckung-600x385.jpg 600w, https:\/\/tesser4x4.hostpress.me\/wp-content\/uploads\/2023\/09\/toyota-hilux-laderaumabdeckung.jpg 1920w\" sizes=\"(max-width: 1024px) 100vw, 1024px\" \/>\t\t\t\t\t\t\t\t\t\t\t\t\t<\/p>\n<h3>Coperture abbinate per i modelli Hilux Revo e Vigo <\/h3>\n<p>\n            Nel nostro negozio online troverete <a href=\"https:\/\/tesser4x4.hostpress.me\/it\/copricassone\">copricassoni <\/a> e accessori per il vano di carico (ad esempio roll bar) per i seguenti modelli Toyota Hilux:\n          <\/p>\n<ul>\n<li>\n              Toyota Hilux Revo (doppia cabina o extra cab)\n            <\/li>\n<li>\n              Toyota Hilux Revo con rollbar OEM (doppia cabina o extra cab)\n            <\/li>\n<li>\n              Toyota Hilux Vigo (doppia cabina o extra cab)\n            <\/li>\n<\/ul>\n<p>\n            <strong><br \/>\n              Se hai domande, siamo qui per te:<br \/>\n            <\/strong>\n          <\/p>\n<ul>\n<li>\n\t\t\t\t\t\t\t\t\t\ttelefonicamente al numero 351 534 07 45\n\t\t\t\t\t\t\t\t\t<\/li>\n<li>\n\t\t\t\t\t\t\t\t\t\toppure contattaci tramite il modulo di contatto\n\t\t\t\t\t\t\t\t\t<\/li>\n<\/ul>\n<h3>Tesser4x4: copricassoni e accessori Toyota <\/h3>\n<p>\n            Scopri i vantaggi di una <strong>copricassone Toyota Hilux <\/strong> e beneficia della <strong>qualit\u00e0 insuperabile<\/strong> dei nostri prodotti. Ordina ora e lasciati impressionare dalla funzionalit\u00e0 e dalla protezione offerte dalle nostre coperture. Oltre alle nostre coperture per l&#8217;area di carico della Toyota Hilux, vi offriamo anche coperture adatte per altri pick-up come: ad esempoio il <a href=\"https:\/\/tesser4x4.hostpress.me\/it\/shop\/?yith_wcan=1&amp;fahrzeug=ford&amp;product_cat=copricassone-tessera4x4-roll,copricassone-tessera-se,copertura-cassone\">Ford Ranger<\/a>, il <a href=\"https:\/\/tesser4x4.hostpress.me\/it\/shop\/?yith_wcan=1&amp;fahrzeug=vw&amp;product_cat=copricassone-tessera4x4-roll,copricassone-tessera-se,copertura-cassone\">VW Amarok<\/a>, il <a href=\"https:\/\/tesser4x4.hostpress.me\/it\/shop\/?yith_wcan=1&amp;fahrzeug=dodge&amp;product_cat=copricassone-tessera4x4-roll,copricassone-tessera-se,copertura-cassone\">Dodge Ram<\/a> o l&#8217;<a href=\"https:\/\/tesser4x4.hostpress.me\/it\/shop\/?yith_wcan=1&amp;fahrzeug=isuzu&amp;product_cat=copricassone-tessera4x4-roll,copricassone-tessera-se,copertura-cassone\">ISUZU D-MAX<\/a>.   Grazie all&#8217;intuitiva funzione di filtro nel nostro negozio, puoi facilmente navigare fino al modello del tuo veicolo e scegliere la giusta copertura del vano di carico.<\/p>\n<p>            Ordina ora e <strong>risparmia sui costi di spedizione in Italia! <\/strong>\n          <\/p>\n<p>          Se avete domande o ulteriori informazioni, contattate il nostro team esperto:<\/p>\n<ul>\n<li>\n\t\t\t\t\t\t\t\t\t\ttelefonicamente al numero 351 534 07 45\n\t\t\t\t\t\t\t\t\t<\/li>\n<li>\n\t\t\t\t\t\t\t\t\t\toppure contattaci tramite il modulo di contatto\n\t\t\t\t\t\t\t\t\t<\/li>\n<\/ul>\n","protected":false},"excerpt":{"rendered":"<p>Copertura del vano di carico Toyota Hilux: protezione affidabile del vano di carico e del pickup Con le nostre robuste coperture per vano di carico Toyota Hilux proteggi il veicolo e il vano di carico da accessi non autorizzati. Le tendine avvolgibili del vano di carico in alluminio di alta qualit\u00e0 da un lato rendono &hellip;<\/p>\n<p class=\"read-more\"> <a class=\"\" href=\"https:\/\/tesser4x4.hostpress.me\/it\/copricassone-toyota-hilux\"> <span class=\"screen-reader-text\">copricassone toyota hilux<\/span> Leggi altro &raquo;<\/a><\/p>\n","protected":false},"author":1,"featured_media":0,"parent":0,"menu_order":0,"comment_status":"closed","ping_status":"closed","template":"","meta":{"site-sidebar-layout":"no-sidebar","site-content-layout":"page-builder","ast-global-header-display":"","ast-main-header-display":"","ast-hfb-above-header-display":"","ast-hfb-below-header-display":"","ast-hfb-mobile-header-display":"","site-post-title":"disabled","ast-breadcrumbs-content":"","ast-featured-img":"disabled","footer-sml-layout":"","theme-transparent-header-meta":"","adv-header-id-meta":"","stick-header-meta":"","header-above-stick-meta":"","header-main-stick-meta":"","header-below-stick-meta":"","footnotes":""},"class_list":["post-18934","page","type-page","status-publish","hentry"],"_links":{"self":[{"href":"https:\/\/tesser4x4.hostpress.me\/it\/wp-json\/wp\/v2\/pages\/18934","targetHints":{"allow":["GET"]}}],"collection":[{"href":"https:\/\/tesser4x4.hostpress.me\/it\/wp-json\/wp\/v2\/pages"}],"about":[{"href":"https:\/\/tesser4x4.hostpress.me\/it\/wp-json\/wp\/v2\/types\/page"}],"author":[{"embeddable":true,"href":"https:\/\/tesser4x4.hostpress.me\/it\/wp-json\/wp\/v2\/users\/1"}],"replies":[{"embeddable":true,"href":"https:\/\/tesser4x4.hostpress.me\/it\/wp-json\/wp\/v2\/comments?post=18934"}],"version-history":[{"count":1,"href":"https:\/\/tesser4x4.hostpress.me\/it\/wp-json\/wp\/v2\/pages\/18934\/revisions"}],"predecessor-version":[{"id":18935,"href":"https:\/\/tesser4x4.hostpress.me\/it\/wp-json\/wp\/v2\/pages\/18934\/revisions\/18935"}],"wp:attachment":[{"href":"https:\/\/tesser4x4.hostpress.me\/it\/wp-json\/wp\/v2\/media?parent=18934"}],"curies":[{"name":"wp","href":"https:\/\/api.w.org\/{rel}","templated":true}]}}