{"id":18938,"date":"2024-05-22T08:57:42","date_gmt":"2024-05-22T08:57:42","guid":{"rendered":"https:\/\/tesser4x4.com\/copricassone-chevrolet-silverado"},"modified":"2024-05-22T08:57:43","modified_gmt":"2024-05-22T08:57:43","slug":"copricassone-chevrolet-silverado","status":"publish","type":"page","link":"https:\/\/tesser4x4.hostpress.me\/it\/copricassone-chevrolet-silverado","title":{"rendered":"Copricassone Chevrolet Silverado"},"content":{"rendered":"<style>\/*! elementor - v3.21.0 - 20-05-2024 *\/\n.elementor-heading-title{padding:0;margin:0;line-height:1}.elementor-widget-heading .elementor-heading-title[class*=elementor-size-]>a{color:inherit;font-size:inherit;line-height:inherit}.elementor-widget-heading .elementor-heading-title.elementor-size-small{font-size:15px}.elementor-widget-heading .elementor-heading-title.elementor-size-medium{font-size:19px}.elementor-widget-heading .elementor-heading-title.elementor-size-large{font-size:29px}.elementor-widget-heading .elementor-heading-title.elementor-size-xl{font-size:39px}.elementor-widget-heading .elementor-heading-title.elementor-size-xxl{font-size:59px}<\/style>\n<h1>Copricassone Chevrolet Silverado: elegante e sicuro per le strade<\/h1>\n<p>          I pickup come il Chevrolet Silverado sono noti per la loro versatilit\u00e0 e durata. Un elemento essenziale che influenza in modo significativo la loro funzionalit\u00e0 \u00e8 la <a href=\"https:\/\/tesser4x4.hostpress.me\/it\/copricassone\">copertura <\/a> adeguata del vano di carico.  Offre una protezione affidabile per il carico del tuo veicolo e garantisce un trasporto senza intoppi. Allo stesso modo, la copertura migliora l\u2019aerodinamica del veicolo, il che pu\u00f2 portare ad un utilizzo pi\u00f9 efficiente del carburante. Per gli automobilisti che amano guidare la loro Chevrolet Silverado pi\u00f9 spesso o su lunghe distanze, una copertura di alta qualit\u00e0 \u00e8 un accessorio essenziale.<br \/>\n          Stai cercando la soluzione giusta per la tua zona di carico? Nel nostro negozio troverai <strong>coperture per Chevrolet Silverado<\/strong> di alta qualit\u00e0 che proteggono in modo affidabile il tuo carico durante ogni viaggio. Inoltre le coperture colpiscono per il loro aspetto attraente. Lasciati consigliare dal nostro team e ordina una copertura del vano di carico di alta qualit\u00e0 per la tua auto!   <\/p>\n<h2>I pi\u00f9 venduti nella categoria Copricassone Chevrolet Silverado: <\/h2>\n<h2>Nella nostra gamma abbiamo queste coperture per il vano di carico per la Chevrolet Silverado: <\/h2>\n<ul>\n<li>\n              <strong><a href=\"https:\/\/tesser4x4.hostpress.me\/it\/shop\/?yith_wcan=1&amp;fahrzeug=silverado&amp;product_cat=copricassone-tessera-se\">Copertura del vano di carico Chevrolet Silverado Tessera SE<\/a><\/strong>: copertura sportiva avvolgibile in lamelle di alluminio; riduce il consumo di carburante grazie alla sua forma aerodinamica; protezione antieffrazione e contro le intemperie particolarmente elevata; disponibile solo nella versione manuale\n            <\/li>\n<li>\n              <strong><a href=\"https:\/\/tesser4x4.hostpress.me\/it\/shop\/?yith_wcan=1&amp;fahrzeug=silverado&amp;product_cat=copricassone-tessera4x4-roll\">Copertura vano di carico Chevrolet Silverado Tessera Roll+<\/a><\/strong>: pratica versione della copertura avvolgibile, con accesso particolarmente facile al vano di carico; riduce il consumo di carburante grazie alla sua forma aerodinamica; disponibile in 3 varianti (manuale, a molla o elettrico)\n            <\/li>\n<\/ul>\n<p>\n            Su <a href=\"https:\/\/tesser4x4.hostpress.me\/it\" target=\"_blank\" rel=\"noopener\">Tesser4x4.com<\/a> troverai una variet\u00e0 di coperture per l&#8217;area di carico del tuo veicolo. Come <a href=\"https:\/\/tesser4x4.hostpress.me\/it\/shop\" target=\"_blank\" rel=\"noopener\">negozio di accessori fuoristrada<\/a>, la nostra missione \u00e8 fornire agli appassionati di pick-up coperture robuste e di alta qualit\u00e0, appositamente adattate alle esigenze del loro modello di veicolo. Scopri la nostra vasta gamma e ordina oggi stesso, senza costi di spedizione!<\/p>\n<p>            &gt;&gt;&gt; <strong><a href=\"https:\/\/tesser4x4.hostpress.me\/it\/shop\/?yith_wcan=1&amp;fahrzeug=silverado&amp;product_cat=copricassone-tessera4x4-roll,copricassone-tessera-se\">direttamente al negozio Chevrolet<\/a><\/strong>\n          <\/p>\n<p>\n            <strong><br \/>\n              Se hai domande, siamo qui per te:<br \/>\n            <\/strong>\n          <\/p>\n<link rel=\"stylesheet\" href=\"https:\/\/tesser4x4.hostpress.me\/wp-content\/plugins\/elementor\/assets\/css\/widget-icon-list.min.css\">\n<ul>\n<li>\n\t\t\t\t\t\t\t\t\t\ttelefonicamente al numero 351 534 07 45\n\t\t\t\t\t\t\t\t\t<\/li>\n<li>\n\t\t\t\t\t\t\t\t\t\toppure contattaci tramite il modulo di contatto\n\t\t\t\t\t\t\t\t\t<\/li>\n<\/ul>\n<h2>I vantaggi di una copertura del vano di carico Chevrolet in breve: <\/h2>\n<ul>\n<li><strong>Protezione dagli agenti atmosferici:<\/strong> con una copertura del vano di carico puoi proteggere il contenuto del vano di carico da pioggia, neve e altri agenti atmosferici. La copertura \u00e8 essenziale, soprattutto per i carichi sensibili. <\/li>\n<li><strong>Trasporto sicuro del carico:<\/strong> Dopo che la copertura \u00e8 stata installata correttamente, il carico \u00e8 fissato saldamente e pu\u00f2 quindi essere trasportato in sicurezza.<\/li>\n<li><strong>Longevit\u00e0:<\/strong> le nostre coperture ti accompagnano in ogni avventura fuoristrada e mantengono la loro promessa di qualit\u00e0 a lungo termine.<\/li>\n<li><strong>Migliora l&#8217;aerodinamica:<\/strong> un vano carico chiuso con il copricassone migliora l&#8217;aerodinamica della tua Chevrolet Silverado. Riducendo la resistenza dell&#8217;aria, il consumo di carburante \u00e8 ridotto al minimo. <\/li>\n<li><strong>Maggiore privacy e protezione contro i furti:<\/strong> proteggi il tuo carico da sguardi indiscreti e ladri. Ci\u00f2 garantisce che nessuno possa accedere non autorizzato alla tua area di carico. <\/li>\n<li><strong>Facile da installare e utilizzare:<\/strong> le nostre coperture per cassone Chevrolet sono facili da installare senza forare. Il funzionamento semplice e conveniente garantisce inoltre che la copertura sia pronta per l&#8217;uso in pochissimo tempo. <\/li>\n<\/ul>\n<style>\/*! elementor - v3.21.0 - 20-05-2024 *\/\n.elementor-widget-image{text-align:center}.elementor-widget-image a{display:inline-block}.elementor-widget-image a img[src$=\".svg\"]{width:48px}.elementor-widget-image img{vertical-align:middle;display:inline-block}<\/style>\n<p>\t\t\t\t\t\t\t\t\t\t<img decoding=\"async\" width=\"1024\" height=\"768\" src=\"https:\/\/tesser4x4.hostpress.me\/wp-content\/uploads\/2023\/07\/chervol-1-1024x768.jpg\" alt=\"Chevrolet Silverado mit Laderaumabdeckung von Tessera\" srcset=\"https:\/\/tesser4x4.hostpress.me\/wp-content\/uploads\/2023\/07\/chervol-1-1024x768.jpg 1024w, https:\/\/tesser4x4.hostpress.me\/wp-content\/uploads\/2023\/07\/chervol-1-300x225.jpg 300w, https:\/\/tesser4x4.hostpress.me\/wp-content\/uploads\/2023\/07\/chervol-1-768x576.jpg 768w, https:\/\/tesser4x4.hostpress.me\/wp-content\/uploads\/2023\/07\/chervol-1-1536x1152.jpg 1536w, https:\/\/tesser4x4.hostpress.me\/wp-content\/uploads\/2023\/07\/chervol-1-2048x1536.jpg 2048w, https:\/\/tesser4x4.hostpress.me\/wp-content\/uploads\/2023\/07\/chervol-1-600x450.jpg 600w\" sizes=\"(max-width: 1024px) 100vw, 1024px\" \/>\t\t\t\t\t\t\t\t\t\t\t\t\t<\/p>\n<h2>FAQ: domande frequenti sulle nostre coperture per cassone Chevrolet Silverado<\/h2>\n<h3>Le coperture si adattano a tutti i modelli Chevrolet? <\/h3>\n<p>          NO. Le nostre coperture per il vano di carico sono specifiche per il veicolo. \u00c8 importante assicurarsi che la copertura sia adatta al modello e all&#8217;anno appropriati della tua Chevrolet. Se non sei sicuro, non esitare a <a href=\"https:\/\/tesser4x4.hostpress.me\/it\/richiesta-del-cliente\">contattare<\/a> i nostri esperti e ottenere consigli sulla migliore soluzione possibile per il tuo veicolo.   <\/p>\n<h3>Come viene installata una copertura avvolgibile?<\/h3>\n<p>          Installare le nostre coperture per Chevrolet Silverado \u00e8 molto semplice. Per installare la copertura <strong>non \u00e8 necessario praticare fori<\/strong> o <strong>apportare modifiche complicate al veicolo<\/strong>. Quando acquisti una cover, riceverai istruzioni intuitive che potrai seguire passo dopo passo. In alternativa, puoi anche guardare le nostre <a href=\"https:\/\/tesser4x4.hostpress.me\/it\/montaggio\">istruzioni video<\/a> dettagliate.   <\/p>\n<h3>Come mi prendo cura della mia copertura avvolgibile?<\/h3>\n<p>          Prendendoti adeguatamente cura della tua copertura per cassone Chevrolet Silverado, puoi garantire che la sua funzionalit\u00e0 ed estetica delizieranno a lungo termine. Una pulizia regolare con acqua e sapone neutro dovrebbe essere sufficiente per liberare il copricassone del pickup da sporco, polvere e altri contaminanti. Desideriamo sottolineare che non devono essere utilizzati <strong>detergenti aggressivi o spazzole<\/strong>. Inoltre, non dovresti appoggiare oggetti pesanti sulle coperture per evitare deformazioni o ammaccature sulla <strong>copericassone della tua Chevrolet Silverado<\/strong>.   <\/p>\n","protected":false},"excerpt":{"rendered":"<p>Copricassone Chevrolet Silverado: elegante e sicuro per le strade I pickup come il Chevrolet Silverado sono noti per la loro versatilit\u00e0 e durata. Un elemento essenziale che influenza in modo significativo la loro funzionalit\u00e0 \u00e8 la copertura adeguata del vano di carico. Offre una protezione affidabile per il carico del tuo veicolo e garantisce un &hellip;<\/p>\n<p class=\"read-more\"> <a class=\"\" href=\"https:\/\/tesser4x4.hostpress.me\/it\/copricassone-chevrolet-silverado\"> <span class=\"screen-reader-text\">Copricassone Chevrolet Silverado<\/span> Leggi altro &raquo;<\/a><\/p>\n","protected":false},"author":1,"featured_media":0,"parent":0,"menu_order":0,"comment_status":"closed","ping_status":"closed","template":"","meta":{"site-sidebar-layout":"no-sidebar","site-content-layout":"page-builder","ast-global-header-display":"","ast-main-header-display":"","ast-hfb-above-header-display":"","ast-hfb-below-header-display":"","ast-hfb-mobile-header-display":"","site-post-title":"disabled","ast-breadcrumbs-content":"","ast-featured-img":"disabled","footer-sml-layout":"","theme-transparent-header-meta":"","adv-header-id-meta":"","stick-header-meta":"","header-above-stick-meta":"","header-main-stick-meta":"","header-below-stick-meta":"","footnotes":""},"class_list":["post-18938","page","type-page","status-publish","hentry"],"_links":{"self":[{"href":"https:\/\/tesser4x4.hostpress.me\/it\/wp-json\/wp\/v2\/pages\/18938","targetHints":{"allow":["GET"]}}],"collection":[{"href":"https:\/\/tesser4x4.hostpress.me\/it\/wp-json\/wp\/v2\/pages"}],"about":[{"href":"https:\/\/tesser4x4.hostpress.me\/it\/wp-json\/wp\/v2\/types\/page"}],"author":[{"embeddable":true,"href":"https:\/\/tesser4x4.hostpress.me\/it\/wp-json\/wp\/v2\/users\/1"}],"replies":[{"embeddable":true,"href":"https:\/\/tesser4x4.hostpress.me\/it\/wp-json\/wp\/v2\/comments?post=18938"}],"version-history":[{"count":1,"href":"https:\/\/tesser4x4.hostpress.me\/it\/wp-json\/wp\/v2\/pages\/18938\/revisions"}],"predecessor-version":[{"id":18939,"href":"https:\/\/tesser4x4.hostpress.me\/it\/wp-json\/wp\/v2\/pages\/18938\/revisions\/18939"}],"wp:attachment":[{"href":"https:\/\/tesser4x4.hostpress.me\/it\/wp-json\/wp\/v2\/media?parent=18938"}],"curies":[{"name":"wp","href":"https:\/\/api.w.org\/{rel}","templated":true}]}}