{"id":18944,"date":"2024-05-22T12:56:42","date_gmt":"2024-05-22T12:56:42","guid":{"rendered":"https:\/\/tesser4x4.com\/copricassone-gmc-sierra"},"modified":"2024-05-22T12:56:43","modified_gmt":"2024-05-22T12:56:43","slug":"copricassone-gmc-sierra","status":"publish","type":"page","link":"https:\/\/tesser4x4.hostpress.me\/it\/copricassone-gmc-sierra","title":{"rendered":"Copricassone GMC Sierra"},"content":{"rendered":"<style>\/*! elementor - v3.21.0 - 20-05-2024 *\/\n.elementor-heading-title{padding:0;margin:0;line-height:1}.elementor-widget-heading .elementor-heading-title[class*=elementor-size-]>a{color:inherit;font-size:inherit;line-height:inherit}.elementor-widget-heading .elementor-heading-title.elementor-size-small{font-size:15px}.elementor-widget-heading .elementor-heading-title.elementor-size-medium{font-size:19px}.elementor-widget-heading .elementor-heading-title.elementor-size-large{font-size:29px}.elementor-widget-heading .elementor-heading-title.elementor-size-xl{font-size:39px}.elementor-widget-heading .elementor-heading-title.elementor-size-xxl{font-size:59px}<\/style>\n<h1>Copricassone-GMC-Sierra: l&#8217;affidabile compagno fuoristrada<\/h1>\n<p>          Nel mondo dei pick-up, il GMC Sierra 1500 si \u00e8 gi\u00e0 guadagnato una reputazione leggendaria per robustezza, prestazioni e avventure fuoristrada. Ma tra queste caratteristiche impressionanti c&#8217;\u00e8 un dettaglio che spesso viene trascurato e che tuttavia gioca un ruolo cruciale: il <a href=\"https:\/\/tesser4x4.hostpress.me\/it\/copricassone\">copricassone<\/a>.  Grazie alle sue propriet\u00e0, questo elemento si rivela la chiave per ottimizzare la funzionalit\u00e0 e l&#8217;estetica del veicolo.<br \/>\n          Le nostre <strong>coperture per cassone GMC Sierra<\/strong> per carichi pesanti assicurano che il tuo carico sia protetto in modo ottimale sia quando viaggi su strada che quando attraversi aree fuoristrada. Con un design avanzato, la copertura espande le funzionalit\u00e0 del tuo pickup GMC.<br \/>\n          Cerchi gli accessori fuoristrada adatti alla tua GMC Sierra 1500? Allora scopri la vasta gamma di prodotti nel nostro <a href=\"https:\/\/tesser4x4.hostpress.me\/it\/shop\">negozio di accessori fuoristrada<\/a> e prepara la tua auto per la prossima avventura! <\/p>\n<h2>I bestseller della categoria copricassone-GMC-Sierra:<\/h2>\n<h2>Le nostre coperture per il vano di carico per la GMC Sierra 1500:<\/h2>\n<ul>\n<li><a href=\"https:\/\/tesser4x4.hostpress.me\/it\/shop\/?yith_wcan=1&amp;fahrzeug=sierra-1500&amp;product_cat=copricassone-tessera-se\"><strong>Copertura del vano di carico GMC Sierra Tessera SE<\/strong><\/a>: copertura sportiva avvolgibile realizzata con lamelle di alluminio; riduce il consumo di carburante grazie alla sua forma aerodinamica; protezione antieffrazione e contro le intemperie particolarmente elevata; disponibile solo nella versione manuale<\/li>\n<li><strong><a href=\"https:\/\/tesser4x4.hostpress.me\/it\/shop\/?yith_wcan=1&amp;fahrzeug=sierra-1500&amp;product_cat=copricassone-tessera4x4-roll\">Copertura vano di carico GMC Sierra Tessera Roll+<\/a><\/strong>: pratica versione della copertura a rullo, con accesso particolarmente facile al vano di carico; riduce il consumo di carburante grazie alla sua forma aerodinamica; disponibile in 3 varianti (manuale, a molla o elettrico)<\/li>\n<\/ul>\n<p>          Da anni supportiamo i nostri clienti con coperture per vano di carico di alta qualit\u00e0. Convinciti della nostra qualit\u00e0 ed amplia la tua GMC Sierra 1500 con una robusta copertura per il vano di carico. Scopri le offerte nel nostro negozio e ordina oggi la soluzione desiderata con spedizione gratuita!<br \/>\n          &gt;&gt;&gt; <strong><a href=\"https:\/\/tesser4x4.hostpress.me\/it\/shop\/?yith_wcan=1&amp;fahrzeug=sierra-1500&amp;product_cat=copricassone-tessera4x4-roll,copricassone-tessera-se\">direttamente al negozio GMC<\/a><\/strong><\/p>\n<p>\n            <strong><br \/>\n              Se hai domande, siamo qui per te:<br \/>\n            <\/strong>\n          <\/p>\n<link rel=\"stylesheet\" href=\"https:\/\/tesser4x4.hostpress.me\/wp-content\/plugins\/elementor\/assets\/css\/widget-icon-list.min.css\">\n<ul>\n<li>\n\t\t\t\t\t\t\t\t\t\ttelefonicamente al numero 351 534 07 45\n\t\t\t\t\t\t\t\t\t<\/li>\n<li>\n\t\t\t\t\t\t\t\t\t\toppure contattaci tramite il modulo di contatto\n\t\t\t\t\t\t\t\t\t<\/li>\n<\/ul>\n<h2>Copertura del vano di carico GMC: tutti i vantaggi in breve<\/h2>\n<ul>\n<li><strong>Estetica e funzionalit\u00e0:<\/strong> le nostre coperture per cassone GMC Sierra combinano estetica e funzionalit\u00e0. Con un design avanzato che non solo piace alla vista ma protegge anche lo spazio di carico, dimostra che eleganza e praticit\u00e0 possono andare di pari passo. <\/li>\n<li><strong>L&#8217;arte dell&#8217;aerodinamica:<\/strong> dietro l&#8217;elegante facciata della copertura si nasconde un&#8217;ingegneria intelligente. Il design aerodinamico aiuta a ridurre la resistenza dell&#8217;aria e garantisce quindi un uso pi\u00f9 efficiente del carburante. <\/li>\n<li><strong>Sicurezza antifurto al centro:<\/strong> con un robusto sistema di chiusura, la copertura per la tua GMC Sierra 1500 offre protezione da sguardi indiscreti e accessi non autorizzati. Il tuo carico rimane al sicuro e protetto, indipendentemente da dove viaggia. <\/li>\n<li><strong>Installazione rapida, facile da usare:<\/strong> le nostre coperture possono essere installate in pochissimo tempo grazie alle istruzioni intuitive. L&#8217;installazione della copertura cassonetto GMC Sierra pu\u00f2 essere effettuata anche da non professionisti. <\/li>\n<li><strong>Durata resistente alle intemperie:<\/strong> realizzata con materiali di alta qualit\u00e0, una coperture per cassone GMC Sierra resister\u00e0 con facilit\u00e0 alle condizioni atmosferiche pi\u00f9 rigide, per gli anni a venire. Ci\u00f2 li rende un accessorio essenziale per tutti gli automobilisti che cercano una soluzione sostenibile e a lungo termine per il proprio veicolo. <\/li>\n<\/ul>\n<style>\/*! elementor - v3.21.0 - 20-05-2024 *\/\n.elementor-widget-image{text-align:center}.elementor-widget-image a{display:inline-block}.elementor-widget-image a img[src$=\".svg\"]{width:48px}.elementor-widget-image img{vertical-align:middle;display:inline-block}<\/style>\n<p>\t\t\t\t\t\t\t\t\t\t<img decoding=\"async\" width=\"1024\" height=\"576\" src=\"https:\/\/tesser4x4.hostpress.me\/wp-content\/uploads\/2023\/10\/GMC_regular_bed3_se-1024x576.jpg\" alt=\"GMC Sierra mit Laderaumabdeckung von Tessera\" srcset=\"https:\/\/tesser4x4.hostpress.me\/wp-content\/uploads\/2023\/10\/GMC_regular_bed3_se-1024x576.jpg 1024w, https:\/\/tesser4x4.hostpress.me\/wp-content\/uploads\/2023\/10\/GMC_regular_bed3_se-300x169.jpg 300w, https:\/\/tesser4x4.hostpress.me\/wp-content\/uploads\/2023\/10\/GMC_regular_bed3_se-768x432.jpg 768w, https:\/\/tesser4x4.hostpress.me\/wp-content\/uploads\/2023\/10\/GMC_regular_bed3_se-1536x864.jpg 1536w, https:\/\/tesser4x4.hostpress.me\/wp-content\/uploads\/2023\/10\/GMC_regular_bed3_se-600x338.jpg 600w, https:\/\/tesser4x4.hostpress.me\/wp-content\/uploads\/2023\/10\/GMC_regular_bed3_se.jpg 2000w\" sizes=\"(max-width: 1024px) 100vw, 1024px\" \/>\t\t\t\t\t\t\t\t\t\t\t\t\t<\/p>\n<h3>Tesser4x4.com \u00e8 il tuo partner per gli accessori fuoristrada per la GMC Sierra 1500<\/h3>\n<p>          Desideri aggiornare il tuo camioncino GMC con accessori di alta qualit\u00e0? Allora sei nel posto giusto su <a href=\"https:\/\/tesser4x4.hostpress.me\/it\">Tesser4x4.com<\/a>.  Offriamo <strong>un&#8217;ampia gamma di accessori fuoristrada<\/strong> per migliorare la tua GMC Sierra 1500 su strada e fuoristrada. Scopri la nostra gamma e lasciati consigliare dal nostro team. Siamo sicuri che troveremo soluzioni adatte per ogni pickup!  <\/p>\n<p>\n            <strong><br \/>\n              Se hai domande, siamo qui per te:<br \/>\n            <\/strong>\n          <\/p>\n<ul>\n<li>\n\t\t\t\t\t\t\t\t\t\ttelefonicamente al numero 351 534 07 45\n\t\t\t\t\t\t\t\t\t<\/li>\n<li>\n\t\t\t\t\t\t\t\t\t\toppure contattaci tramite il modulo di contatto\n\t\t\t\t\t\t\t\t\t<\/li>\n<\/ul>\n<h2>AQ: domande frequenti sulle coperture per cassone GMC Sierra<\/h2>\n<h3>Come installare la copertura per cassone GMC Sierra 1500?<\/h3>\n<p>          Le nostre coperture per il vano di carico <strong>possono essere installate in un batter d&#8217;occhio grazie alle istruzioni intuitive fornite<\/strong>. Utilizzando le istruzioni potrete installare passo dopo passo il copricassone del vostro pickup senza dover praticare fori o apportare modifiche complicate. Sul nostro sito web potete trovare anche pratiche <a href=\"https:\/\/tesser4x4.hostpress.me\/it\/montaggio\">istruzioni video<\/a>.  Saremo lieti di consigliarvi anche <b>telefonicamente<\/b>!<\/p>\n<h3>Come posso prendermi cura adeguatamente della mia coperture per cassone? <\/h3>\n<p>          Un&#8217;attenta manutenzione di una copertura per cassone \u00e8 fondamentale per prolungarne la durata. Si consiglia pertanto di effettuare una <strong>pulizia regolare con detergenti delicati<\/strong>. Allo stesso tempo, sconsigliamo l&#8217;uso di detergenti aggressivi o spazzole affilate per evitare graffi e danni alla superficie della <strong>copertura per cassone GMC Sierra<\/strong>.  <\/p>\n<h3>Le coperture si adattano anche ad altri modelli GMC?<\/h3>\n<p>          No, <strong>le nostre coperture per cassone sono specifiche del veicolo<\/strong> e quindi adatte solo per la GMC Sierra 1500. Prima dell&#8217;acquisto, assicurati che la copertura che desideri sia adatta al modello e all&#8217;anno del tuo veicolo. Saremo lieti di supportarvi con la nostra competenza e di consigliarvi sulle soluzioni adatte!  <\/p>\n","protected":false},"excerpt":{"rendered":"<p>Copricassone-GMC-Sierra: l&#8217;affidabile compagno fuoristrada Nel mondo dei pick-up, il GMC Sierra 1500 si \u00e8 gi\u00e0 guadagnato una reputazione leggendaria per robustezza, prestazioni e avventure fuoristrada. Ma tra queste caratteristiche impressionanti c&#8217;\u00e8 un dettaglio che spesso viene trascurato e che tuttavia gioca un ruolo cruciale: il copricassone. Grazie alle sue propriet\u00e0, questo elemento si rivela la &hellip;<\/p>\n<p class=\"read-more\"> <a class=\"\" href=\"https:\/\/tesser4x4.hostpress.me\/it\/copricassone-gmc-sierra\"> <span class=\"screen-reader-text\">Copricassone GMC Sierra<\/span> Leggi altro &raquo;<\/a><\/p>\n","protected":false},"author":1,"featured_media":0,"parent":0,"menu_order":0,"comment_status":"closed","ping_status":"closed","template":"","meta":{"site-sidebar-layout":"no-sidebar","site-content-layout":"page-builder","ast-global-header-display":"","ast-main-header-display":"","ast-hfb-above-header-display":"","ast-hfb-below-header-display":"","ast-hfb-mobile-header-display":"","site-post-title":"disabled","ast-breadcrumbs-content":"","ast-featured-img":"disabled","footer-sml-layout":"","theme-transparent-header-meta":"","adv-header-id-meta":"","stick-header-meta":"","header-above-stick-meta":"","header-main-stick-meta":"","header-below-stick-meta":"","footnotes":""},"class_list":["post-18944","page","type-page","status-publish","hentry"],"_links":{"self":[{"href":"https:\/\/tesser4x4.hostpress.me\/it\/wp-json\/wp\/v2\/pages\/18944","targetHints":{"allow":["GET"]}}],"collection":[{"href":"https:\/\/tesser4x4.hostpress.me\/it\/wp-json\/wp\/v2\/pages"}],"about":[{"href":"https:\/\/tesser4x4.hostpress.me\/it\/wp-json\/wp\/v2\/types\/page"}],"author":[{"embeddable":true,"href":"https:\/\/tesser4x4.hostpress.me\/it\/wp-json\/wp\/v2\/users\/1"}],"replies":[{"embeddable":true,"href":"https:\/\/tesser4x4.hostpress.me\/it\/wp-json\/wp\/v2\/comments?post=18944"}],"version-history":[{"count":1,"href":"https:\/\/tesser4x4.hostpress.me\/it\/wp-json\/wp\/v2\/pages\/18944\/revisions"}],"predecessor-version":[{"id":18945,"href":"https:\/\/tesser4x4.hostpress.me\/it\/wp-json\/wp\/v2\/pages\/18944\/revisions\/18945"}],"wp:attachment":[{"href":"https:\/\/tesser4x4.hostpress.me\/it\/wp-json\/wp\/v2\/media?parent=18944"}],"curies":[{"name":"wp","href":"https:\/\/api.w.org\/{rel}","templated":true}]}}