{"id":18946,"date":"2024-05-22T13:18:42","date_gmt":"2024-05-22T13:18:42","guid":{"rendered":"https:\/\/tesser4x4.com\/copricassone-isuzu-d-max"},"modified":"2024-05-22T13:18:42","modified_gmt":"2024-05-22T13:18:42","slug":"copricassone-isuzu-d-max","status":"publish","type":"page","link":"https:\/\/tesser4x4.hostpress.me\/it\/copricassone-isuzu-d-max","title":{"rendered":"Copricassone Isuzu D Max"},"content":{"rendered":"<style>\/*! elementor - v3.21.0 - 20-05-2024 *\/\n.elementor-heading-title{padding:0;margin:0;line-height:1}.elementor-widget-heading .elementor-heading-title[class*=elementor-size-]>a{color:inherit;font-size:inherit;line-height:inherit}.elementor-widget-heading .elementor-heading-title.elementor-size-small{font-size:15px}.elementor-widget-heading .elementor-heading-title.elementor-size-medium{font-size:19px}.elementor-widget-heading .elementor-heading-title.elementor-size-large{font-size:29px}.elementor-widget-heading .elementor-heading-title.elementor-size-xl{font-size:39px}.elementor-widget-heading .elementor-heading-title.elementor-size-xxl{font-size:59px}<\/style>\n<h1>Copertura per vano di carico ISUZU D-MAX: protezione di alta qualit\u00e0 per carico e veicolo <\/h1>\n<p>\n            Chi guida un ISUZU D-MAX apprezza i vantaggi di una copertura ottimale del vano di carico. Non solo protegge il carico da furti o correnti d&#8217;aria, ma riduce anche significativamente il consumo di carburante grazie alla ridotta resistenza dell&#8217;aria. Nel nostro negozio online troverete <strong>coperture per cassone ISUZU D-MAX<\/strong> su misura per i modelli di veicoli dal 2003 (doppia cabina o cabina singola).\n          <\/p>\n<h2>I nostri bestseller nella categoria coperture per cassone ISUZU D-MAX:<\/h2>\n<h2>Nella nostra gamma abbiamo queste coperture per cassone ISUZU D-MAX: <\/h2>\n<ul>\n<li>\n              <a href=\"https:\/\/tesser4x4.hostpress.me\/it\/shop\/?yith_wcan=1&amp;fahrzeug=isuzu&amp;product_cat=copertura-cassone\">Copertura per vano di carico standard SOT ROLL per ISUZU D-MAX:<\/a> robusta tendina avvolgibile per vano di carico in alluminio per proteggere in modo ottimale il vano di carico; appositamente sviluppato per carichi pesanti\n            <\/li>\n<li>\n              <a href=\"https:\/\/tesser4x4.hostpress.me\/it\/shop\/?yith_wcan=1&amp;fahrzeug=isuzu&amp;product_cat=copricassone-tessera-se\">Copertura vano di carico ISUZU D-MAX Tessera SE:<\/a> copertura sportiva avvolgibile realizzata con lamelle di alluminio; riduce il consumo di carburante grazie alla sua forma aerodinamica; protezione antieffrazione e contro le intemperie particolarmente elevata; disponibile solo nella versione manuale\n            <\/li>\n<li>\n              <a href=\"https:\/\/tesser4x4.hostpress.me\/it\/shop\/?yith_wcan=1&amp;fahrzeug=isuzu&amp;product_cat=copricassone-tessera4x4-roll\">Copertura vano di carico ISUZU D-MAX Avantgarde Tessera Roll+:<\/a> pratica variante della copertura a rullo, con accesso particolarmente facile al vano di carico; riduce il consumo di carburante grazie alla sua forma aerodinamica; disponibile in 3 varianti (manuale, a molla o elettrico)\n            <\/li>\n<\/ul>\n<p>\n            Dai subito un&#8217;occhiata al nostro negozio e ordina oggi stesso con spedizione gratuita!\n          <\/p>\n<p>\n            <br \/>\n              <strong>&gt;&gt;&gt; <a href=\"https:\/\/tesser4x4.hostpress.me\/it\/shop\/?yith_wcan=1&amp;fahrzeug=isuzu&amp;product_cat=copricassone-tessera4x4-roll,copricassone-tessera-se,copertura-cassone\">Negozio ISUZU D-MAX<\/a><\/strong>\n          <\/p>\n<h2>Coperture per cassone versatili per ISUZU D-MAX <\/h2>\n<p>\n            Nel nostro negozio di <strong>accessori fuoristrada<\/strong> ti offriamo un&#8217;ampia selezione di coperture per cassone per il tuo Isuzu D-Max, indipendentemente dal fatto che si tratti di un modello con doppia cabina o cabina singola. Oltre al <strong>classico copricassone nero<\/strong> con attraente verniciatura a polvere, troverai ad esempio la <strong>Tessera Roll+<\/strong>, la copertura leggera in alluminio che colpisce per il suo design rivoluzionario. Se vuoi aggiungere un tocco visivo con la copertura avvolgibile, hai trovato la variante ideale con la <strong>nostra copertura per cassone ISUZU D-MAX con bordo ampio in alluminio anodizzato<\/strong>.  \n          <\/p>\n<p>\n            Scopri la copertura perfetta per il tuo ISUZU D-MAX e ordina direttamente con spedizione gratuita!\n          <\/p>\n<p>\n            <br \/>\n              <strong>&gt;&gt;&gt; <a href=\"https:\/\/tesser4x4.hostpress.me\/it\/shop\/?yith_wcan=1&amp;fahrzeug=isuzu&amp;product_cat=copricassone-tessera4x4-roll,copricassone-tessera-se,copertura-cassone\">direttamente al negozio ISUZU D-MAX<\/a><\/strong>\n          <\/p>\n<p>\n            <strong><br \/>\n              Se hai domande, siamo qui per te:<br \/>\n            <\/strong>\n          <\/p>\n<link rel=\"stylesheet\" href=\"https:\/\/tesser4x4.hostpress.me\/wp-content\/plugins\/elementor\/assets\/css\/widget-icon-list.min.css\">\n<ul>\n<li>\n\t\t\t\t\t\t\t\t\t\ttelefonicamente al numero 351 534 07 45\n\t\t\t\t\t\t\t\t\t<\/li>\n<li>\n\t\t\t\t\t\t\t\t\t\toppure contattaci tramite il modulo di contatto\n\t\t\t\t\t\t\t\t\t<\/li>\n<\/ul>\n<h2>Guidare un ISUZU con copertura del vano di carico: i vantaggi <\/h2>\n<ul>\n<li><strong>Protezione dagli elementi:<\/strong> una copertura per cassone per Isuzu D-Max protegge il tuo vano di carico da pioggia, neve, polvere e altri elementi.<\/li>\n<li><strong>Sicurezza:<\/strong> una copertura per cassone protegge il tuo carico da furti e accessi indesiderati. Ci\u00f2 significa che puoi lasciare il tuo veicolo incustodito senza doverti preoccupare del tuo carico. <\/li>\n<li><strong>Migliore aerodinamica:<\/strong> la copertura riduce la resistenza dell&#8217;aria e quindi migliora le prestazioni di guida e il consumo di carburante del tuo ISUZU D-MAX. Ci\u00f2 ti far\u00e0 risparmiare denaro a lungo termine e ti garantir\u00e0 un viaggio pi\u00f9 efficiente. <\/li>\n<li><strong>Versatilit\u00e0:<\/strong> sfrutta il tuo spazio di carico in modo flessibile! Le nostre coperture per cassone possono essere facilmente aperte parzialmente o completamente, consentendoti di apportare modifiche a seconda delle dimensioni del carico trasportato. <\/li>\n<li><strong>Estetica:<\/strong> le nostre coperture convincono anche visivamente. Sono progettati per completare armoniosamente il design del veicolo e conferirgli un aspetto robusto e professionale. Scegli tra diverse versioni, ad esmpio in nero o alluminio, il tuo preferito.  <\/li>\n<li><strong>Durata:<\/strong> le nostre coperture per cassone ISUZU D-MAX sono realizzate con materiali di alta qualit\u00e0 che garantiscono una lunga durata. Sono robusti, antiurto e resistono anche alle condizioni pi\u00f9 impegnative. <\/li>\n<li><strong>Facile da installare:<\/strong> l&#8217;installazione delle coperture per ISUZU D-MAX \u00e8 facile e non richiede strumenti complicati o conoscenze tecniche. Puoi farlo facilmente da solo, risparmiando tempo e denaro. <\/li>\n<\/ul>\n<style>\/*! elementor - v3.21.0 - 20-05-2024 *\/\n.elementor-widget-image{text-align:center}.elementor-widget-image a{display:inline-block}.elementor-widget-image a img[src$=\".svg\"]{width:48px}.elementor-widget-image img{vertical-align:middle;display:inline-block}<\/style>\n<p>\t\t\t\t\t\t\t\t\t\t<img decoding=\"async\" width=\"1024\" height=\"621\" src=\"https:\/\/tesser4x4.hostpress.me\/wp-content\/uploads\/2023\/09\/isuzu-d-max-laderaumabdeckung-1024x621.jpg\" alt=\"Isuzu D-Max Laderaumabdeckung\" srcset=\"https:\/\/tesser4x4.hostpress.me\/wp-content\/uploads\/2023\/09\/isuzu-d-max-laderaumabdeckung-1024x621.jpg 1024w, https:\/\/tesser4x4.hostpress.me\/wp-content\/uploads\/2023\/09\/isuzu-d-max-laderaumabdeckung-300x182.jpg 300w, https:\/\/tesser4x4.hostpress.me\/wp-content\/uploads\/2023\/09\/isuzu-d-max-laderaumabdeckung-768x466.jpg 768w, https:\/\/tesser4x4.hostpress.me\/wp-content\/uploads\/2023\/09\/isuzu-d-max-laderaumabdeckung-1536x931.jpg 1536w, https:\/\/tesser4x4.hostpress.me\/wp-content\/uploads\/2023\/09\/isuzu-d-max-laderaumabdeckung-600x364.jpg 600w, https:\/\/tesser4x4.hostpress.me\/wp-content\/uploads\/2023\/09\/isuzu-d-max-laderaumabdeckung.jpg 1920w\" sizes=\"(max-width: 1024px) 100vw, 1024px\" \/>\t\t\t\t\t\t\t\t\t\t\t\t\t<\/p>\n<h3>Coperture abbinate per tutti i modelli Isuzu <\/h3>\n<p>Nel nostro negozio online troverete <strong>coperture per cassone<\/strong> e accessori (ad esempio roll bar) per i seguenti modelli ISIZU D-MAX:<\/p>\n<ul>\n<li>\n              D-MAX dal 2021 (Doppia Cabina e Space Cab)\n            <\/li>\n<li>\n              D-MAX 2012 &#8211; 2020 (Doppia Cabina e Space Cab)\n            <\/li>\n<li>\n              D-MAX 2007-2011 (Doppia Cabina e Space Cab)\n            <\/li>\n<li>\n              D-MAX 2003 (Doppia Cabina e Space Cab)\n            <\/li>\n<\/ul>\n<p>\n            <strong><br \/>\n              Se hai domande, siamo qui per te:<br \/>\n            <\/strong>\n          <\/p>\n<ul>\n<li>\n\t\t\t\t\t\t\t\t\t\ttelefonicamente al numero 351 534 07 45\n\t\t\t\t\t\t\t\t\t<\/li>\n<li>\n\t\t\t\t\t\t\t\t\t\toppure contattaci tramite il modulo di contatto\n\t\t\t\t\t\t\t\t\t<\/li>\n<\/ul>\n<h3>Tesser4x4: coperture per cassone e accessori ISUZU D-MAX<\/h3>\n<p>          Sfrutta tutto il potenziale del tuo pick-up e proteggi il contenuto del tuo vano di carico con le nostre coperture di prima classe. Oltre alle nostre coperture avvolgibili per i <strong>modelli ISUZU<\/strong>, vi offriamo anche coperture adatte per altri veicoli fuoristrada come: ad esempio il <strong>Ford Ranger<\/strong> o la <strong>Toyota Hilux<\/strong>. Grazie all&#8217;intuitiva funzione di filtro nel nostro negozio, puoi facilmente navigare fino al modello del tuo veicolo e scegliere la giusta copertura del vano di carico.<br \/>\n          Ordina ora e approfitta della nostra spedizione gratuita in Italia.<br \/>\n          Se avete domande o ulteriori informazioni, contattate il nostro team esperto:<\/p>\n<p>\n            <strong><br \/>\n              Se hai domande, siamo qui per te:<br \/>\n            <\/strong>\n          <\/p>\n<ul>\n<li>\n\t\t\t\t\t\t\t\t\t\ttelefonicamente al numero 351 534 07 45\n\t\t\t\t\t\t\t\t\t<\/li>\n<li>\n\t\t\t\t\t\t\t\t\t\toppure contattaci tramite il modulo di contatto\n\t\t\t\t\t\t\t\t\t<\/li>\n<\/ul>\n","protected":false},"excerpt":{"rendered":"<p>Copertura per vano di carico ISUZU D-MAX: protezione di alta qualit\u00e0 per carico e veicolo Chi guida un ISUZU D-MAX apprezza i vantaggi di una copertura ottimale del vano di carico. Non solo protegge il carico da furti o correnti d&#8217;aria, ma riduce anche significativamente il consumo di carburante grazie alla ridotta resistenza dell&#8217;aria. Nel &hellip;<\/p>\n<p class=\"read-more\"> <a class=\"\" href=\"https:\/\/tesser4x4.hostpress.me\/it\/copricassone-isuzu-d-max\"> <span class=\"screen-reader-text\">Copricassone Isuzu D Max<\/span> Leggi altro &raquo;<\/a><\/p>\n","protected":false},"author":1,"featured_media":0,"parent":0,"menu_order":0,"comment_status":"closed","ping_status":"closed","template":"","meta":{"site-sidebar-layout":"no-sidebar","site-content-layout":"page-builder","ast-global-header-display":"","ast-main-header-display":"","ast-hfb-above-header-display":"","ast-hfb-below-header-display":"","ast-hfb-mobile-header-display":"","site-post-title":"disabled","ast-breadcrumbs-content":"","ast-featured-img":"disabled","footer-sml-layout":"","theme-transparent-header-meta":"","adv-header-id-meta":"","stick-header-meta":"","header-above-stick-meta":"","header-main-stick-meta":"","header-below-stick-meta":"","footnotes":""},"class_list":["post-18946","page","type-page","status-publish","hentry"],"_links":{"self":[{"href":"https:\/\/tesser4x4.hostpress.me\/it\/wp-json\/wp\/v2\/pages\/18946","targetHints":{"allow":["GET"]}}],"collection":[{"href":"https:\/\/tesser4x4.hostpress.me\/it\/wp-json\/wp\/v2\/pages"}],"about":[{"href":"https:\/\/tesser4x4.hostpress.me\/it\/wp-json\/wp\/v2\/types\/page"}],"author":[{"embeddable":true,"href":"https:\/\/tesser4x4.hostpress.me\/it\/wp-json\/wp\/v2\/users\/1"}],"replies":[{"embeddable":true,"href":"https:\/\/tesser4x4.hostpress.me\/it\/wp-json\/wp\/v2\/comments?post=18946"}],"version-history":[{"count":1,"href":"https:\/\/tesser4x4.hostpress.me\/it\/wp-json\/wp\/v2\/pages\/18946\/revisions"}],"predecessor-version":[{"id":18947,"href":"https:\/\/tesser4x4.hostpress.me\/it\/wp-json\/wp\/v2\/pages\/18946\/revisions\/18947"}],"wp:attachment":[{"href":"https:\/\/tesser4x4.hostpress.me\/it\/wp-json\/wp\/v2\/media?parent=18946"}],"curies":[{"name":"wp","href":"https:\/\/api.w.org\/{rel}","templated":true}]}}