{"id":18948,"date":"2024-05-22T13:48:00","date_gmt":"2024-05-22T13:48:00","guid":{"rendered":"https:\/\/tesser4x4.com\/copricassone-nissan-navara"},"modified":"2024-05-22T13:48:01","modified_gmt":"2024-05-22T13:48:01","slug":"copricassone-nissan-navara","status":"publish","type":"page","link":"https:\/\/tesser4x4.hostpress.me\/it\/copricassone-nissan-navara","title":{"rendered":"Copricassone Nissan Navara"},"content":{"rendered":"<style>\/*! elementor - v3.21.0 - 20-05-2024 *\/\n.elementor-heading-title{padding:0;margin:0;line-height:1}.elementor-widget-heading .elementor-heading-title[class*=elementor-size-]>a{color:inherit;font-size:inherit;line-height:inherit}.elementor-widget-heading .elementor-heading-title.elementor-size-small{font-size:15px}.elementor-widget-heading .elementor-heading-title.elementor-size-medium{font-size:19px}.elementor-widget-heading .elementor-heading-title.elementor-size-large{font-size:29px}.elementor-widget-heading .elementor-heading-title.elementor-size-xl{font-size:39px}.elementor-widget-heading .elementor-heading-title.elementor-size-xxl{font-size:59px}<\/style>\n<h1>Copertura per cassone Nissan Navara della Tessera: la scelta intelligente per gli appassionati di fuoristrada <\/h1>\n<p>          Se sei l&#8217;orgoglioso proprietario di una Nissan Navara e stai cercando una soluzione di alta qualit\u00e0 per proteggere in modo ottimale il vano di carico del tuo veicolo, sei nel posto giusto. Con le nostre coperture avvolgibili in alluminio per il vano di carico proteggete in modo affidabile il vostro carico sia dalle intemperie che dai furti.<br \/>\n          Tesser4x4 \u00e8 il tuo esperto di accessori fuoristrada. Verifica tu stesso e scopri il mondo delle nostre coperture perfettamente studiate che porteranno la tua Nissan Navara al livello successivo. Ordina adesso la tua nuova <strong>copertura per cassone Nissan Navara<\/strong> con spedizione gratuita!  <\/p>\n<h2>Nella nostra gamma abbiamo queste coperture per cassone per Nissan Navara:<\/h2>\n<ul>\n<li>\n              <a href=\"https:\/\/tesser4x4.hostpress.me\/it\/shop\/?yith_wcan=1&amp;fahrzeug=nissan&amp;product_cat=copertura-cassone\">Coperture per cassone standard SOT ROLL per Nissan Navara: <\/a> copertura avvolgibile in alluminio altamente stabile per la massima sicurezza del carico; appositamente sviluppato per carichi elevati\n            <\/li>\n<li>\n              <a href=\"https:\/\/tesser4x4.hostpress.me\/it\/shop\/?yith_wcan=1&amp;fahrzeug=nissan&amp;product_cat=copricassone-tessera-se\">Coperture per cassone Nissan Navara Tessera SE<\/a>: copertura del vano di carico sportiva in alluminio; efficienza del carburante ottimizzata attraverso il design aerodinamico; eccellente protezione antieffrazione e dagli agenti atmosferici; disponibile solo nella versione manuale\n            <\/li>\n<li>\n              <a href=\"https:\/\/tesser4x4.hostpress.me\/it\/shop\/?yith_wcan=1&amp;fahrzeug=nissan&amp;product_cat=copricassone-tessera4x4-roll\">Coperture per cassone Nissan Navara Tessera Roll+<\/a>: versatile copertura avvolgibile in alluminio per un accesso agevole al vano di carico; efficienza del carburante ottimizzata attraverso il design aerodinamico; Disponibile in tre versioni (manuale, a molla o elettrica)\n            <\/li>\n<\/ul>\n<p>\n            Scopri la nostra vasta gamma di coperture e accessori per Nissan Navara e approfitta della spedizione gratuita. Ordina oggi per equipaggiare perfettamente il tuo pick-up King Cab (1.5 Cab) o Double Cab (doppia cabina)!\n          <\/p>\n<p>\n            <br \/>\n              <strong>&gt;&gt;&gt; <a href=\"https:\/\/tesser4x4.hostpress.me\/it\/shop\/?yith_wcan=1&amp;fahrzeug=nissan&amp;product_cat=copricassone-tessera4x4-roll,copricassone-tessera-se,copertura-cassone\">direttamente al negozio Ford Ranger<\/a><\/strong>\n          <\/p>\n<style>\/*! elementor - v3.21.0 - 20-05-2024 *\/\n.elementor-widget-image{text-align:center}.elementor-widget-image a{display:inline-block}.elementor-widget-image a img[src$=\".svg\"]{width:48px}.elementor-widget-image img{vertical-align:middle;display:inline-block}<\/style>\n<p>\t\t\t\t\t\t\t\t\t\t<img decoding=\"async\" width=\"1024\" height=\"706\" src=\"https:\/\/tesser4x4.hostpress.me\/wp-content\/uploads\/2023\/10\/nissan-navara-laderaumabdeckung-pickup-1024x706.jpg\" alt=\"\" srcset=\"https:\/\/tesser4x4.hostpress.me\/wp-content\/uploads\/2023\/10\/nissan-navara-laderaumabdeckung-pickup-1024x706.jpg 1024w, https:\/\/tesser4x4.hostpress.me\/wp-content\/uploads\/2023\/10\/nissan-navara-laderaumabdeckung-pickup-300x207.jpg 300w, https:\/\/tesser4x4.hostpress.me\/wp-content\/uploads\/2023\/10\/nissan-navara-laderaumabdeckung-pickup-768x530.jpg 768w, https:\/\/tesser4x4.hostpress.me\/wp-content\/uploads\/2023\/10\/nissan-navara-laderaumabdeckung-pickup-1536x1059.jpg 1536w, https:\/\/tesser4x4.hostpress.me\/wp-content\/uploads\/2023\/10\/nissan-navara-laderaumabdeckung-pickup-600x414.jpg 600w, https:\/\/tesser4x4.hostpress.me\/wp-content\/uploads\/2023\/10\/nissan-navara-laderaumabdeckung-pickup.jpg 1920w\" sizes=\"(max-width: 1024px) 100vw, 1024px\" \/>\t\t\t\t\t\t\t\t\t\t\t\t\t<\/p>\n<p>\n            <strong><br \/>\n              Se hai domande, siamo qui per te:<br \/>\n            <\/strong>\n          <\/p>\n<link rel=\"stylesheet\" href=\"https:\/\/tesser4x4.hostpress.me\/wp-content\/plugins\/elementor\/assets\/css\/widget-icon-list.min.css\">\n<ul>\n<li>\n\t\t\t\t\t\t\t\t\t\ttelefonicamente al numero 351 534 07 45\n\t\t\t\t\t\t\t\t\t<\/li>\n<li>\n\t\t\t\t\t\t\t\t\t\toppure contattaci tramite il modulo di contatto\n\t\t\t\t\t\t\t\t\t<\/li>\n<\/ul>\n<h2>I vantaggi di una copertura per Nissan Navara in breve<\/h2>\n<p>          Approfitta di uno vano di carico protetto e ottimizza il tuo pickup per ogni sfida immaginabile, sia nella vita di tutti i giorni che in emozionanti avventure. Di seguito troverai un elenco dei numerosi vantaggi di una copertura per cassone Nissan Navara: <\/p>\n<ul>\n<li><b>Protezione dagli elementi:<\/b> le nostre coperture per il vano di carico offrono una protezione affidabile da pioggia, neve, sole e vento. Il tuo carico rimane asciutto e protetto, indipendentemente dalle condizioni atmosferiche. <\/li>\n<li><b>Sicurezza e privacy:<\/b> nessuna possibilit\u00e0 per sguardi indiscreti. Con una copertura per cassone puoi proteggere il tuo carico dai furti e mantenere la tua privacy. <\/li>\n<li><b>Maggiore capacit\u00e0 del pianale del pickup:<\/b> utilizza ogni centimetro del vano carico del tuo pickup in modo efficiente. Grazie alla robusta copertura potrete organizzare e trasportare il vostro carico in modo ottimale. <\/li>\n<li><b>Aerodinamica migliorata:<\/b> riduci la resistenza e aumenta l&#8217;efficienza del carburante con le nostre copertura per cassone Nissan Navara.<\/li>\n<li><b>Elevata durata:<\/b> le nostre copertura per cassone sono realizzate con materiali di prima qualit\u00e0 come alluminio o plastica resistente. La costruzione fatta a mano garantisce una notevole durata, anche in condizioni operative impegnative. <\/li>\n<li><b>Installazione pratica:<\/b> l&#8217;installazione delle nostre coperture per cassone sulla tua Nissan Navara \u00e8 semplice e non richiede perforazioni che richiedono tempo. Ci\u00f2 facilita il montaggio. <\/li>\n<li><b>Design elegante:<\/b> le nostre coperture per cassone non sono solo funzionali, ma conferiscono al tuo veicolo anche un aspetto moderno e accattivante.<\/li>\n<\/ul>\n<h3>Coperture per cassone adatte per Nissan Navara D40, D22 e D23 <\/h3>\n<p>          Nel nostro negozio online offriamo un&#8217;ampia selezione di <strong>coperture per cassone<\/strong> adatte ai seguenti modelli Nissan Navara:<\/p>\n<ul>\n<li>Nissan Navara D22<\/li>\n<li>Nissan Navara D23 \/ Nissan Navara NP300<\/li>\n<li>Nissan Navara D40<\/li>\n<li>Nissan Navara D40 (con rollbar OEM)<\/li>\n<\/ul>\n<p>\n            <strong><br \/>\n              Se hai domande, siamo qui per te:<br \/>\n            <\/strong>\n          <\/p>\n<ul>\n<li>\n\t\t\t\t\t\t\t\t\t\ttelefonicamente al numero 351 534 07 45\n\t\t\t\t\t\t\t\t\t<\/li>\n<li>\n\t\t\t\t\t\t\t\t\t\toppure contattaci tramite il modulo di contatto\n\t\t\t\t\t\t\t\t\t<\/li>\n<\/ul>\n<p>\t\t\t\t\t\t\t\t\t\t\t\t\t<img decoding=\"async\" width=\"734\" height=\"517\" src=\"https:\/\/tesser4x4.hostpress.me\/wp-content\/uploads\/2023\/10\/nissan-navara-laderaumabdeckung-cover.jpg\" alt=\"\" srcset=\"https:\/\/tesser4x4.hostpress.me\/wp-content\/uploads\/2023\/10\/nissan-navara-laderaumabdeckung-cover.jpg 734w, https:\/\/tesser4x4.hostpress.me\/wp-content\/uploads\/2023\/10\/nissan-navara-laderaumabdeckung-cover-300x211.jpg 300w, https:\/\/tesser4x4.hostpress.me\/wp-content\/uploads\/2023\/10\/nissan-navara-laderaumabdeckung-cover-600x423.jpg 600w\" sizes=\"(max-width: 734px) 100vw, 734px\" \/>\t\t\t\t\t\t\t\t\t\t\t\t\t<\/p>\n<h3>Tesser4x4: coperture per cassone Nissan Navara per il vano di carico e altri accessori<\/h3>\n<p>\n            Le <b>coperture per cassone Nissan Navara<\/b> nel <a href=\"https:\/\/tesser4x4.hostpress.me\/it\/shop\"><b>nostro negozio di accessori<\/b><\/a> fuoristrada sono prodotte esclusivamente dal <b>rinomato produttore Tessera<\/b> secondo i pi\u00f9 alti standard di qualit\u00e0. Tuttavia, non ti offriamo solo coperture per il vano di carico di alta qualit\u00e0, ma anche una vasta gamma di accessori per equipaggiare in modo ottimale il tuo Navara. Dai un&#8217;occhiata alla nostra offerta ed esplora roll bar, parapetti, portapacchi, binari per tetto, protezione portellone, sistemi di chiusura e molto altro ancora. Ciascuno di questi prodotti \u00e8 stato accuratamente selezionato per migliorare le tue avventure fuoristrada.\n          <\/p>\n<p>\n            Tesser4x4 \u00e8 il tuo partner affidabile! Non ci distinguiamo solo per il nostro assortimento di prima classe, ma siamo anche felici di aiutarvi con il nostro <b>servizio clienti professionale<\/b>. Consegniamo gratuitamente anche gli articoli desiderati direttamente a casa tua in Italia. Ordina oggi la tua <b>copertura per cassone Nissan Navara<\/b> e altri accessori coordinati e inizia la tua prossima avventura fuoristrada con stile e comfort!\n          <\/p>\n<p>\n            Hai domande e desideri ulteriori informazioni? Il nostro team esperto sar\u00e0 felice di aiutarti. Non esitate a contattarci telefonicamente o via email:\n          <\/p>\n<ul>\n<li>\n\t\t\t\t\t\t\t\t\t\tGermania: +49 (0) 7581 5080912\n\t\t\t\t\t\t\t\t\t<\/li>\n<li>\n\t\t\t\t\t\t\t\t\t\tItalia: +39 351 534 07 45\n\t\t\t\t\t\t\t\t\t<\/li>\n<li>\n\t\t\t\t\t\t\t\t\t\tinfo@tesser4x4.de\n\t\t\t\t\t\t\t\t\t<\/li>\n<\/ul>\n","protected":false},"excerpt":{"rendered":"<p>Copertura per cassone Nissan Navara della Tessera: la scelta intelligente per gli appassionati di fuoristrada Se sei l&#8217;orgoglioso proprietario di una Nissan Navara e stai cercando una soluzione di alta qualit\u00e0 per proteggere in modo ottimale il vano di carico del tuo veicolo, sei nel posto giusto. Con le nostre coperture avvolgibili in alluminio per &hellip;<\/p>\n<p class=\"read-more\"> <a class=\"\" href=\"https:\/\/tesser4x4.hostpress.me\/it\/copricassone-nissan-navara\"> <span class=\"screen-reader-text\">Copricassone Nissan Navara<\/span> Leggi altro &raquo;<\/a><\/p>\n","protected":false},"author":1,"featured_media":0,"parent":0,"menu_order":0,"comment_status":"closed","ping_status":"closed","template":"","meta":{"site-sidebar-layout":"no-sidebar","site-content-layout":"page-builder","ast-global-header-display":"","ast-main-header-display":"","ast-hfb-above-header-display":"","ast-hfb-below-header-display":"","ast-hfb-mobile-header-display":"","site-post-title":"disabled","ast-breadcrumbs-content":"","ast-featured-img":"disabled","footer-sml-layout":"","theme-transparent-header-meta":"","adv-header-id-meta":"","stick-header-meta":"","header-above-stick-meta":"","header-main-stick-meta":"","header-below-stick-meta":"","footnotes":""},"class_list":["post-18948","page","type-page","status-publish","hentry"],"_links":{"self":[{"href":"https:\/\/tesser4x4.hostpress.me\/it\/wp-json\/wp\/v2\/pages\/18948","targetHints":{"allow":["GET"]}}],"collection":[{"href":"https:\/\/tesser4x4.hostpress.me\/it\/wp-json\/wp\/v2\/pages"}],"about":[{"href":"https:\/\/tesser4x4.hostpress.me\/it\/wp-json\/wp\/v2\/types\/page"}],"author":[{"embeddable":true,"href":"https:\/\/tesser4x4.hostpress.me\/it\/wp-json\/wp\/v2\/users\/1"}],"replies":[{"embeddable":true,"href":"https:\/\/tesser4x4.hostpress.me\/it\/wp-json\/wp\/v2\/comments?post=18948"}],"version-history":[{"count":1,"href":"https:\/\/tesser4x4.hostpress.me\/it\/wp-json\/wp\/v2\/pages\/18948\/revisions"}],"predecessor-version":[{"id":18949,"href":"https:\/\/tesser4x4.hostpress.me\/it\/wp-json\/wp\/v2\/pages\/18948\/revisions\/18949"}],"wp:attachment":[{"href":"https:\/\/tesser4x4.hostpress.me\/it\/wp-json\/wp\/v2\/media?parent=18948"}],"curies":[{"name":"wp","href":"https:\/\/api.w.org\/{rel}","templated":true}]}}