{"id":18954,"date":"2024-05-23T06:30:34","date_gmt":"2024-05-23T06:30:34","guid":{"rendered":"https:\/\/tesser4x4.com\/copricassone-ssangyong"},"modified":"2024-05-23T06:37:27","modified_gmt":"2024-05-23T06:37:27","slug":"copricassone-ssangyong","status":"publish","type":"page","link":"https:\/\/tesser4x4.hostpress.me\/it\/copricassone-ssangyong","title":{"rendered":"Copricassone SsangYong"},"content":{"rendered":"<h1>Coperture per cassone SsangYong: il complemento perfetto per avventure su strada e fuoristrada<\/h1>\n<p>\n            Con i nostri prodotti Standard SOT-ROLL, Tessera SE e Tessera Roll+ non solo vi offriamo protezione contro gli agenti atmosferici e i furti, ma anche un look fantastico per il vostro pick-up per la vostra SsangYong. Nel <a href=\"https:\/\/tesser4x4.hostpress.me\/it\/shop\">negozio di accessori fuoristrada<\/a> Tesser4x4 troverai c<b>operture per cassone SsangYong<\/b> robuste ed eleganti a prezzi equi.  Ordina adesso e risparmia sulle spese di spedizione. Scopri i vantaggi dei nostri prodotti di alta qualit\u00e0 e arricchisci ulteriormente il tuo pickup con un copricassone.\n          <\/p>\n<h2>I bestseller della categoria copricassone per pickup SsangYong: <\/h2>\n<h2>Le nostre coperture per il vano di carico dei pick-up SsangYong <\/h2>\n<ul>\n<li>\n              <strong><a href=\"https:\/\/tesser4x4.hostpress.me\/it\/shop\/?yith_wcan=1&amp;fahrzeug=ssangyong&amp;product_cat=copertura-cassone\">Copertura per cassone standard SOT-ROLL per SsangYong<\/a><\/strong>: robusta copertura avvolgibile in alluminio per proteggere in modo ottimale il vano di carico; resilienza particolarmente forte\n            <\/li>\n<li>\n              <strong><a href=\"https:\/\/tesser4x4.hostpress.me\/it\/shop\/?yith_wcan=1&amp;fahrzeug=ssangyong&amp;product_cat=copricassone-tessera-se\">Copertura per cassone SsangYong Tessera SE<\/a><\/strong>: copertura sportiva avvolgibile realizzata con lamelle di alluminio; il design aerodinamico migliora ulteriormente l&#8217;efficienza del carburante; protezione particolarmente elevata contro le effrazioni e le intemperie; disponibile solo nella versione manuale\n            <\/li>\n<li>\n              <strong><a href=\"https:\/\/tesser4x4.hostpress.me\/it\/shop\/?yith_wcan=1&amp;fahrzeug=ssangyong&amp;product_cat=copricassone-tessera4x4-roll\">Copertura per cassone SsangYong Tessera Roll+<\/a><\/strong>: pratica versione della copertura avvolgibile; facile accesso all&#8217;area di carico; il design aerodinamico migliora ulteriormente l&#8217;efficienza del carburante; disponibile in 3 versioni (manuale, a molla o elettrica)\n            <\/li>\n<\/ul>\n<p>\n            Tesser4x4 \u00e8 il tuo partner forte per robusti accessori fuoristrada. Nel nostro negozio troverete, tra le altre cose: <a href=\"https:\/\/tesser4x4.hostpress.me\/it\/copricassone\">copertura per cassone <\/a> adatti per i modelli SsangYong Actyon Sports, SsangYong Musso Sports e SsangYong Rexton Sports.  Puoi anche ordinare componenti aggiuntivi come <a href=\"https:\/\/tesser4x4.hostpress.me\/it\/shop\/?yith_wcan=1&amp;product_cat=rollbar\">roll bar<\/a> o <a href=\"https:\/\/tesser4x4.hostpress.me\/it\/shop\/?yith_wcan=1&amp;product_cat=reling-parapetti\">parapetti <\/a> nel nostro negozio.<\/p>\n<p>\n              <a href=\"https:\/\/tesser4x4.hostpress.me\/it\/shop\/?yith_wcan=1&amp;fahrzeug=ssangyong&amp;product_cat=copricassone-tessera4x4-roll,copricassone-tessera-se,copertura-cassone\">&gt;&gt;&gt; direttamente al negozio SsangYong<\/a>\n          <\/p>\n<p>\n            <strong><br \/>\n              Se hai domande, siamo qui per te:<br \/>\n            <\/strong>\n          <\/p>\n<ul>\n<li>\n\t\t\t\t\t\t\t\t\t\ttelefonicamente al numero 351 534 07 45\n\t\t\t\t\t\t\t\t\t<\/li>\n<li>\n\t\t\t\t\t\t\t\t\t\toppure contattaci tramite il modulo di contatto\n\t\t\t\t\t\t\t\t\t<\/li>\n<\/ul>\n<h2>I vantaggi di una copertura per cassone SsangYong in breve: <\/h2>\n<ul>\n<li>\n              <strong>Sicurezza:<\/strong> Un&#8217;apposita copertura in alluminio protegge il carico da furti e accessi non autorizzati nascondendolo da sguardi indiscreti e, a seconda del modello, \u00e8 anche munito di serratura.\n            <\/li>\n<li>\n              <strong>Protezione dalle intemperie:<\/strong> mantiene la pioggia, la neve e il vento lontani dal carico e quindi protegge da danni o umidit\u00e0.\n            <\/li>\n<li>\n              <strong>Aerodinamica:<\/strong> le nostre coperture sono progettate aerodinamicamente per ridurre la resistenza dell&#8217;aria e quindi ridurre il consumo di carburante.\n            <\/li>\n<li>\n              <strong>Protezione dai raggi UV:<\/strong> protegge gli oggetti sul vano di carico dalla luce solare diretta.\n            <\/li>\n<li>\n              <strong>Aspetto migliore:<\/strong> una copertura in alluminio migliora l&#8217;aspetto estetico generale del pick-up e gli conferisce un aspetto elegante e moderno.\n            <\/li>\n<li>\n              <strong>Spostamento ridotto del carico:<\/strong> la copertura per cassone SsangYong garantisce che il carico rimanga al suo posto e ne impedisca lo spostamento durante la guida.\n            <\/li>\n<li>\n              <strong>Flessibilit\u00e0:<\/strong> a seconda del modello, la copertura pu\u00f2 essere facilmente rimossa o ripiegata, aumentando cos\u00ec la flessibilit\u00e0 dello spazio di carico.\n            <\/li>\n<li>\n              <strong>Conservazione del valore:<\/strong> La copertura avvolgibile contribuisce alla conservazione del valore in quanto protegge non solo il carico, ma anche lo spazio di carico stesso da graffi, usura e danni.\n            <\/li>\n<\/ul>\n<p>\t\t\t\t\t\t\t\t\t\t\t\t\t<img decoding=\"async\" width=\"1024\" height=\"758\" src=\"https:\/\/tesser4x4.hostpress.me\/wp-content\/uploads\/2024\/01\/SANYONG_rexton_826-1024x758.jpg\" alt=\"SsangYong mit Laderaumabdeckung von Tessera\" srcset=\"https:\/\/tesser4x4.hostpress.me\/wp-content\/uploads\/2024\/01\/SANYONG_rexton_826-1024x758.jpg 1024w, https:\/\/tesser4x4.hostpress.me\/wp-content\/uploads\/2024\/01\/SANYONG_rexton_826-300x222.jpg 300w, https:\/\/tesser4x4.hostpress.me\/wp-content\/uploads\/2024\/01\/SANYONG_rexton_826-768x569.jpg 768w, https:\/\/tesser4x4.hostpress.me\/wp-content\/uploads\/2024\/01\/SANYONG_rexton_826-1536x1138.jpg 1536w, https:\/\/tesser4x4.hostpress.me\/wp-content\/uploads\/2024\/01\/SANYONG_rexton_826-600x444.jpg 600w, https:\/\/tesser4x4.hostpress.me\/wp-content\/uploads\/2024\/01\/SANYONG_rexton_826.jpg 1920w\" sizes=\"(max-width: 1024px) 100vw, 1024px\" \/>\t\t\t\t\t\t\t\t\t\t\t\t\t<\/p>\n<h3>Tesser4x4 \u2014 il tuo specialista per le copertura per cassone SsangYong <\/h3>\n<p>\n            Tesser4x4 \u00e8 il vostro rivenditore specializzato per coperture per cassone di alta qualit\u00e0 del rinomato produttore Tessera.<\/p>\n<p>            Nel nostro negozio troverete la copertura per cassone giusta per diversi modelli della casa automobilistica sudcoreana a condizioni giuste. Vendiamo <strong>coperture per cassone SsangYong<\/strong> per i seguenti pickup:\n          <\/p>\n<ul>\n<li>\n              SsangYong Actyon Sports\n            <\/li>\n<li>\n              SsangYong Musso Sports\n            <\/li>\n<li>\n              SsangYong Rexton Sports\n            <\/li>\n<\/ul>\n<p>\n            Un ringraziamento speciale per aver ordinato da noi: non vi addebiteremo costi di spedizione e in pochi giorni vi invieremo gratuitamente la copertura per cassone SsangYong direttamente a casa vostra. Se hai domande sul tuo ordine o sui nostri prodotti, non esitare a contattarci telefonicamente o tramite il modulo di contatto.\n          <\/p>\n<p>\n            <strong><br \/>\n              Se hai domande, siamo qui per te:<br \/>\n            <\/strong>\n          <\/p>\n<ul>\n<li>\n\t\t\t\t\t\t\t\t\t\ttelefonicamente al numero 351 534 07 45\n\t\t\t\t\t\t\t\t\t<\/li>\n<li>\n\t\t\t\t\t\t\t\t\t\toppure contattaci tramite il modulo di contatto\n\t\t\t\t\t\t\t\t\t<\/li>\n<\/ul>\n<h2>Domande frequenti sulle coperture per cassone dei pick-up SsangYong <\/h2>\n<h3>Le coperture per il cassone sono adatte a tutti i pick-up? <\/h3>\n<p>\n            No, nel nostro negozio troverai solo coperture per il vano di carico realizzate su misura per uno specifico modello di veicolo. Solo cos\u00ec possiamo garantire la migliore funzionalit\u00e0 e precisione di adattamento. Oltre alle coperture per cassone dei pick-up SsangYong, vendiamo, tra le altre cose: anche:\n          <\/p>\n<ul>\n<li>\n              <br \/>\n                <a title=\"Copricassone-Ford-Ranger\" href=\"https:\/\/tesser4x4.hostpress.me\/it\/copricassone-ford-ranger\">Copricassone-Ford-Ranger<\/a>\n            <\/li>\n<li>\n              <br \/>\n                <a title=\"Copricassone-ISUZU-D-Max\" href=\"https:\/\/tesser4x4.hostpress.me\/it\/copricassone-isuzu-d-max\">Copricassone-ISUZU-D-Max<\/a>\n            <\/li>\n<li>\n              <br \/>\n                <a title=\"Copricassone-Toyota-Hilux\" href=\"https:\/\/tesser4x4.hostpress.me\/it\/copricassone-toyota-hilux\">Copricassone-Toyota-Hilux<\/a>\n            <\/li>\n<li>\n              <br \/>\n                <a title=\"Copricassone-VW-Amarok\" href=\"https:\/\/tesser4x4.hostpress.me\/it\/copricassone-vw-amarok\">Copricassone-VW-Amarok<\/a>\n            <\/li>\n<li>\n              <br \/>\n                <a title=\"Mitsubishi-L200-Copricassone\" href=\"https:\/\/tesser4x4.hostpress.me\/it\/copricassone-mitsubishi-l200\">Mitsubishi-L200-Copricassone<\/a>\n            <\/li>\n<li>\n              <br \/>\n                <a title=\"Nissan-Navara-Copricassone\" href=\"https:\/\/tesser4x4.hostpress.me\/it\/copricassone-nissan-navara\">Nissan-Navara-Copricassone<\/a>\n            <\/li>\n<li>\n              <br \/>\n                <a title=\"Dodge-Ram-Copricassone\" href=\"https:\/\/tesser4x4.hostpress.me\/it\/copricassone-dodge-ram\">Dodge-Ram-Copricassone<\/a>\n            <\/li>\n<li>\n              <br \/>\n                <a title=\"Jeep-Gladiator-Copricassone\" href=\"https:\/\/tesser4x4.hostpress.me\/it\/copricassone-jeep-gladiator\">Jeep-Gladiator-Copricassone<\/a>\n            <\/li>\n<li>\n              <br \/>\n                <a title=\"GMC-Sierra-Copricassone\" href=\"https:\/\/tesser4x4.hostpress.me\/it\/copricassone-gmc-sierra\">GMC-Sierra-Copricassone<\/a>\n            <\/li>\n<li>\n              <br \/>\n                <a title=\"Chevrolet-Silverado-Copricassone\" href=\"https:\/\/tesser4x4.hostpress.me\/it\/copricassone-chevrolet-silverado\">Chevrolet-Silverado-Copricassone<\/a>\n            <\/li>\n<li>\n              e molti altri\n            <\/li>\n<\/ul>\n<h3>Quali tipi di coperture per cassone esistono e qual \u00e8 la migliore per il mio scopo? <\/h3>\n<p>          Per il produttore SsangYang abbiamo nel nostro assortimento i tipi di copertura standard SOT-ROLL, Tessera SE e Tessera Roll+. Le caratteristiche dei singoli prodotti sono le seguenti: <\/p>\n<ul>\n<li><strong>Standard SOT-ROLL:<\/strong> robusta copertura in alluminio per proteggere in modo ottimale la vostra superficie di carico con una resistenza particolarmente elevata.<\/li>\n<li><strong>Tessera SE:<\/strong> la copertura sportiva in alluminio migliora l&#8217;efficienza del carburante grazie alla sua aerodinamica. Offre una protezione particolarmente elevata contro le effrazioni e le intemperie. La Tessera SE \u00e8 disponibile solo in versione manuale.  <\/li>\n<li><strong>Tessera Roll+:<\/strong> Pratica versione copertura per cassone a rullo con accesso particolarmente agevole alla zona di carico. La Tessera Roll+ riduce anche il consumo di carburante grazie alla sua forma aerodinamica. La copertura \u00e8 disponibile in 3 versioni: manuale, a molla o elettrica.  <\/li>\n<\/ul>\n<p>          Hai domande e vorresti sapere quale copertura del vano di carico \u00e8 adatta alla tua SsangYong Actyon Sports, SsangYong Musso Sports o SsangYong Rexton Sports? Saremo lieti di consigliarvi telefonicamente. <\/p>\n<h3>Posso installare io stesso una copertura per cassone o ho bisogno di un meccanico professionista per installarla? <\/h3>\n<p>          L&#8217;installazione \u00e8 spiegata in pochi passaggi nelle <strong>istruzioni intuitive<\/strong> fornite o nelle nostre <strong>istruzioni <a href=\"https:\/\/tesser4x4.hostpress.me\/it\/video-di-montaggio\">video dettagliate<\/a><\/strong>. Se possiedi un certo livello di abilit\u00e0 manuale e ti piace lavorare da solo sul tuo pick-up SsangYong, <strong>puoi eseguire facilmente il montaggio da solo<\/strong>. Il fatto che non siano necessarie perforazioni o modifiche complicate rende il processo molto pi\u00f9 semplice.<br \/>\n          Tuttavia, se non sei sicuro, dovresti prendere in considerazione la possibilit\u00e0 di chiedere aiuto a un meccanico di automobili professionista. Lo specialista si assicurer\u00e0 che il copricassone sia <strong>installata correttamente<\/strong>. Questo \u00e8 l&#8217;unico modo per sfruttare tutto il potenziale della copertura per cassone della tua SsangYong.  <\/p>\n<h3>Posso comunque utilizzare accessori come roll bar con il coplricassone? <\/h3>\n<p>          Gli accessori possono essere facilmente fissati e sono <strong>compatibili con le nostre coperture per cassone<\/strong>. Nel nostro negozio di accessori fuoristrada troverai, tra le altre cose: <a href=\"https:\/\/tesser4x4.hostpress.me\/shop\/?yith_wcan=1&amp;product_cat=ladekantenschutz\">Protezione portellone<\/a>, <a href=\"https:\/\/tesser4x4.hostpress.me\/it\/shop\/?yith_wcan=1&amp;product_cat=rollbar\">roll bar<\/a> o <a href=\"https:\/\/tesser4x4.hostpress.me\/shop\/?yith_wcan=1&amp;product_cat=schliesssystem-schloss\">sistemi di chiusura<\/a> particolarmente sicuri per la tua SsangYong. <\/p>\n<h3>Qual \u00e8 il modo migliore per prendersi cura e pulire la mia copertura per cassone? <\/h3>\n<p>          Ti consigliamo di pulire regolarmente la copertura del cassone del pickup SsangYong con <strong>acqua e sapone neutro<\/strong>. Si sconsiglia l&#8217;uso di detergenti o spazzole aggressivi poich\u00e9 potrebbero danneggiare il copricassone. <strong>Non \u00e8 necessario rimuovere<\/strong> il copricassone in alluminio per la pulizia. Per evitare ammaccature e deformazioni, non caricare la copertura in alluminio con oggetti pesanti.   <\/p>\n","protected":false},"excerpt":{"rendered":"<p>Coperture per cassone SsangYong: il complemento perfetto per avventure su strada e fuoristrada Con i nostri prodotti Standard SOT-ROLL, Tessera SE e Tessera Roll+ non solo vi offriamo protezione contro gli agenti atmosferici e i furti, ma anche un look fantastico per il vostro pick-up per la vostra SsangYong. Nel negozio di accessori fuoristrada Tesser4x4 &hellip;<\/p>\n<p class=\"read-more\"> <a class=\"\" href=\"https:\/\/tesser4x4.hostpress.me\/it\/copricassone-ssangyong\"> <span class=\"screen-reader-text\">Copricassone SsangYong<\/span> Leggi altro &raquo;<\/a><\/p>\n","protected":false},"author":1,"featured_media":0,"parent":0,"menu_order":0,"comment_status":"closed","ping_status":"closed","template":"","meta":{"site-sidebar-layout":"no-sidebar","site-content-layout":"page-builder","ast-global-header-display":"","ast-main-header-display":"","ast-hfb-above-header-display":"","ast-hfb-below-header-display":"","ast-hfb-mobile-header-display":"","site-post-title":"disabled","ast-breadcrumbs-content":"","ast-featured-img":"disabled","footer-sml-layout":"","theme-transparent-header-meta":"","adv-header-id-meta":"","stick-header-meta":"","header-above-stick-meta":"","header-main-stick-meta":"","header-below-stick-meta":"","footnotes":""},"class_list":["post-18954","page","type-page","status-publish","hentry"],"_links":{"self":[{"href":"https:\/\/tesser4x4.hostpress.me\/it\/wp-json\/wp\/v2\/pages\/18954","targetHints":{"allow":["GET"]}}],"collection":[{"href":"https:\/\/tesser4x4.hostpress.me\/it\/wp-json\/wp\/v2\/pages"}],"about":[{"href":"https:\/\/tesser4x4.hostpress.me\/it\/wp-json\/wp\/v2\/types\/page"}],"author":[{"embeddable":true,"href":"https:\/\/tesser4x4.hostpress.me\/it\/wp-json\/wp\/v2\/users\/1"}],"replies":[{"embeddable":true,"href":"https:\/\/tesser4x4.hostpress.me\/it\/wp-json\/wp\/v2\/comments?post=18954"}],"version-history":[{"count":4,"href":"https:\/\/tesser4x4.hostpress.me\/it\/wp-json\/wp\/v2\/pages\/18954\/revisions"}],"predecessor-version":[{"id":18965,"href":"https:\/\/tesser4x4.hostpress.me\/it\/wp-json\/wp\/v2\/pages\/18954\/revisions\/18965"}],"wp:attachment":[{"href":"https:\/\/tesser4x4.hostpress.me\/it\/wp-json\/wp\/v2\/media?parent=18954"}],"curies":[{"name":"wp","href":"https:\/\/api.w.org\/{rel}","templated":true}]}}