{"id":18966,"date":"2024-05-23T07:18:21","date_gmt":"2024-05-23T07:18:21","guid":{"rendered":"https:\/\/tesser4x4.com\/copricassone-jeep-gladiator"},"modified":"2024-05-23T07:18:22","modified_gmt":"2024-05-23T07:18:22","slug":"copricassone-jeep-gladiator","status":"publish","type":"page","link":"https:\/\/tesser4x4.hostpress.me\/it\/copricassone-jeep-gladiator","title":{"rendered":"Copricassone Jeep Gladiator"},"content":{"rendered":"<style>\/*! elementor - v3.21.0 - 20-05-2024 *\/\n.elementor-heading-title{padding:0;margin:0;line-height:1}.elementor-widget-heading .elementor-heading-title[class*=elementor-size-]>a{color:inherit;font-size:inherit;line-height:inherit}.elementor-widget-heading .elementor-heading-title.elementor-size-small{font-size:15px}.elementor-widget-heading .elementor-heading-title.elementor-size-medium{font-size:19px}.elementor-widget-heading .elementor-heading-title.elementor-size-large{font-size:29px}.elementor-widget-heading .elementor-heading-title.elementor-size-xl{font-size:39px}.elementor-widget-heading .elementor-heading-title.elementor-size-xxl{font-size:59px}<\/style>\n<h1>Copricassone-Jeep-Gladiator: Pronto per qualsiasi avventura <\/h1>\n<p>\n            Che sia per l&#8217;uso quotidiano o per avventure fuori dai sentieri battuti: una <a href=\"https:\/\/tesser4x4.hostpress.me\/it\/copricassone\">copertura per cassone<\/a> robusta e affidabile \u00e8 un accessorio indispensabile per equipaggiare al meglio la tua Jeep Gladiator. Protegge il carico non solo dagli agenti atmosferici, ma anche da intrusi indesiderati e sguardi indiscreti.<\/p>\n<p>            Abbiamo progettato le <strong>coperture per cassone Jeep Gladiator<\/strong> dalla forma perfetta della nostra gamma appositamente per i modelli di veicoli prodotti dal 2020 in poi, in modo che si adattino idealmente e la capacit\u00e0 di carico possa essere utilizzata in modo ottimale. Allo stesso tempo, le eleganti coperture offrono il vantaggio di ridurre notevolmente la resistenza dell&#8217;aria. Ci\u00f2 pu\u00f2 avere un effetto positivo sul consumo di carburante.\n          <\/p>\n<p>\n            <a href=\"https:\/\/tesser4x4.hostpress.me\/it\">Tesser4x4.com<\/a> \u00e8 il tuo contatto esperto per <strong>accessori fuoristrada di alta qualit\u00e0<\/strong>. Ordina oggi stesso la tua copertura per cassone Jeep Gladiator e approfitta della spedizione gratuita!\n          <\/p>\n<h2>I nostri bestseller nella categoria coperture per cassone Jeep Gladiator: <\/h2>\n<h2>Nella nostra gamma abbiamo queste coperture per cassone per la Jeep Gladiator: <\/h2>\n<ul>\n<li><strong><a href=\"https:\/\/tesser4x4.hostpress.me\/it\/shop\/?yith_wcan=1&amp;fahrzeug=jeep&amp;product_cat=copricassone-tessera-se\">Copertura per cassone Jeep Gladiator Tessera SE<\/a><\/strong>: copertura sportiva avvolgibile con lamelle in alluminio; riduce il consumo di carburante attraverso il design aerodinamico; resistenza ottimale agli agenti atmosferici; disponibile solo in versione manuale<\/li>\n<li><strong><a href=\"https:\/\/tesser4x4.hostpress.me\/it\/shop\/?yith_wcan=1&amp;fahrzeug=jeep&amp;product_cat=copricassone-tessera4x4-roll\">Copertura per cassone Jeep Gladiator Tessera Roll+<\/a><\/strong>: versione estremamente versatile della tendina avvolgibile del vano di carico in alluminio; accesso particolarmente comodo al vano di carico; il design aerodinamico aumenta l&#8217;efficienza del carburante; sfrutta appieno la capacit\u00e0 dello spazio di carico grazie al design innovativo; disponibile in tre versioni (manuale, a molla o elettrica)<\/li>\n<\/ul>\n<p>          Nel nostro negozio online offriamo una vasta gamma di coperture e accessori specifici per la tua Jeep Gladiator. Immergiti nella nostra vasta gamma e assicurati il \u200b\u200btuo ordine oggi stesso senza costi di spedizione!<br \/>\n          &gt;&gt;&gt; <a href=\"https:\/\/tesser4x4.hostpress.me\/it\/shop\/?yith_wcan=1&amp;fahrzeug=jeep&amp;product_cat=copricassone-tessera4x4-roll,copricassone-tessera-se\">direttamente al negozio Jeep Gladiator<\/a><\/p>\n<p>\n            <strong><br \/>\n              Se hai domande, siamo qui per te:<br \/>\n            <\/strong>\n          <\/p>\n<link rel=\"stylesheet\" href=\"https:\/\/tesser4x4.hostpress.me\/wp-content\/plugins\/elementor\/assets\/css\/widget-icon-list.min.css\">\n<ul>\n<li>\n\t\t\t\t\t\t\t\t\t\ttelefonicamente al numero 351 534 07 45\n\t\t\t\t\t\t\t\t\t<\/li>\n<li>\n\t\t\t\t\t\t\t\t\t\toppure contattaci tramite il modulo di contatto\n\t\t\t\t\t\t\t\t\t<\/li>\n<\/ul>\n<h2>Una copertura per cassone Jeep offre questi vantaggi <\/h2>\n<ul>\n<li>\n              <strong>Protezione dagli agenti atmosferici:<\/strong> una copertura per cassone Jeep Gladiator protegge il tuo carico da pioggia, neve e altri elementi.\n            <\/li>\n<li>\n              <strong>Protezione antifurto:<\/strong> proteggi il tuo carico da accessi non autorizzati con una copertura con serratura.\n            <\/li>\n<li>\n              <strong>Installazione semplice:<\/strong> le coperture per cassone Jeep nel nostro negozio non richiedono modifiche complesse al veicolo per l&#8217;installazione, ma possono essere facilmente fissate senza forare.\n            <\/li>\n<li>\n              <strong>Migliore aerodinamica:<\/strong> le nostre coperture in alluminio migliorano l&#8217;aerodinamica della tua Jeep, con conseguente migliore efficienza del carburante. Ci\u00f2 si traduce in un elevato risparmio di carburante a lungo termine.\n            <\/li>\n<li>\n              <strong>Aspetto elegante:<\/strong> le coperture del vano di carico nero opaco di alta qualit\u00e0 conferiscono alla tua Jeep Gladiator un aspetto moderno e rifinito.\n            <\/li>\n<li>\n              <strong>Costruzione durevole:<\/strong> le nostre coperture per cassone Jeep Gladiator del rinomato produttore Tessera sono robuste e resistono per molti anni all&#8217;usura quotidiana.\n            <\/li>\n<\/ul>\n<style>\/*! elementor - v3.21.0 - 20-05-2024 *\/\n.elementor-widget-image{text-align:center}.elementor-widget-image a{display:inline-block}.elementor-widget-image a img[src$=\".svg\"]{width:48px}.elementor-widget-image img{vertical-align:middle;display:inline-block}<\/style>\n<p>\t\t\t\t\t\t\t\t\t\t<img decoding=\"async\" width=\"1024\" height=\"640\" src=\"https:\/\/tesser4x4.hostpress.me\/wp-content\/uploads\/2023\/11\/jeep-gladiator-laderaumabdeckung-1024x640.jpg\" alt=\"Silberfarbener Jeep Gladiator 2020+ mit matt-schwarzer Laderaumabdeckung Tessera SE.\" srcset=\"https:\/\/tesser4x4.hostpress.me\/wp-content\/uploads\/2023\/11\/jeep-gladiator-laderaumabdeckung-1024x640.jpg 1024w, https:\/\/tesser4x4.hostpress.me\/wp-content\/uploads\/2023\/11\/jeep-gladiator-laderaumabdeckung-300x188.jpg 300w, https:\/\/tesser4x4.hostpress.me\/wp-content\/uploads\/2023\/11\/jeep-gladiator-laderaumabdeckung-768x480.jpg 768w, https:\/\/tesser4x4.hostpress.me\/wp-content\/uploads\/2023\/11\/jeep-gladiator-laderaumabdeckung-1536x960.jpg 1536w, https:\/\/tesser4x4.hostpress.me\/wp-content\/uploads\/2023\/11\/jeep-gladiator-laderaumabdeckung-600x375.jpg 600w, https:\/\/tesser4x4.hostpress.me\/wp-content\/uploads\/2023\/11\/jeep-gladiator-laderaumabdeckung.jpg 1920w\" sizes=\"(max-width: 1024px) 100vw, 1024px\" \/>\t\t\t\t\t\t\t\t\t\t\t\t\t<\/p>\n<h3>Tesser4x4: coperture e accessori per cassone Jeep Gladiator<\/h3>\n<p>          Vuoi sfruttare tutto il potenziale della tua Jeep Gladiator e portare la tua esperienza fuoristrada a un livello superiore? Scopri le coperture premium per cassone Jeep Gladiator da Tesser4x4.com.<br \/>\n          Ti offriamo anche una <strong>vasta gamma di attrezzature di alta qualit\u00e0<\/strong> nel nostro negozio di <strong><a href=\"https:\/\/tesser4x4.hostpress.me\/it\/shop\">accessori fuoristrada<\/a><\/strong>. Sfoglia ora e ordina oggi! A proposito: in Italia la consegna degli articoli desiderati \u00e8 gratuita. Se hai domande, i nostri esperti saranno felici di aiutarti.  <\/p>\n<p>\n            <strong><br \/>\n              Se hai domande, siamo qui per te:<br \/>\n            <\/strong>\n          <\/p>\n<ul>\n<li>\n\t\t\t\t\t\t\t\t\t\ttelefonicamente al numero 351 534 07 45\n\t\t\t\t\t\t\t\t\t<\/li>\n<li>\n\t\t\t\t\t\t\t\t\t\toppure contattaci tramite il modulo di contatto\n\t\t\t\t\t\t\t\t\t<\/li>\n<\/ul>\n<h2>Domande frequenti sulle coperture per cassone Jeep Gladiator<\/h2>\n<h3>Quanto \u00e8 complicato installare la copertura per cassone? <\/h3>\n<p>          L&#8217;installazione delle coperture per cassone della Jeep Gladiator della nostra gamma \u00e8 estremamente semplice e intuitiva. Con il corpicassone riceverai ovviamente da noi <strong>istruzioni dettagliate che spiegano passo dopo passo il processo di installazione<\/strong>. Soprattutto, non sono necessarie perforazioni o modifiche complicate al veicolo poich\u00e9 le coperture sono progettate specificamente per adattarsi perfettamente alla Jeep Gladiator. In caso di domande, saremo felici di aiutarti a chiarire eventuali dubbi e <strong>garantire un&#8217;installazione senza intoppi<\/strong>.   <\/p>\n<h3>Come devo prendermi cura della copertura per cassone? <\/h3>\n<p>Prendersi cura della copertura per cassone della tua Jeep Gladiator \u00e8 fondamentale per garantire che mantenga la sua funzionalit\u00e0 ed estetica nel tempo. <strong>Pulisci regolarmente la copertura con acqua e sapone neutro<\/strong>, soprattutto se \u00e8 stata esposta a sporco, polvere o umidit\u00e0. N<strong>on utilizzare detergenti aggressivi o spazzole<\/strong> che potrebbero danneggiare il materiale. Per garantire la longevit\u00e0 della copertura, \u00e8 necessario assicurarsi anche che non vi siano depositati oggetti pesanti poich\u00e9 ci\u00f2 potrebbe causare deformazioni.   <\/p>\n","protected":false},"excerpt":{"rendered":"<p>Copricassone-Jeep-Gladiator: Pronto per qualsiasi avventura Che sia per l&#8217;uso quotidiano o per avventure fuori dai sentieri battuti: una copertura per cassone robusta e affidabile \u00e8 un accessorio indispensabile per equipaggiare al meglio la tua Jeep Gladiator. Protegge il carico non solo dagli agenti atmosferici, ma anche da intrusi indesiderati e sguardi indiscreti. Abbiamo progettato le &hellip;<\/p>\n<p class=\"read-more\"> <a class=\"\" href=\"https:\/\/tesser4x4.hostpress.me\/it\/copricassone-jeep-gladiator\"> <span class=\"screen-reader-text\">Copricassone Jeep Gladiator<\/span> Leggi altro &raquo;<\/a><\/p>\n","protected":false},"author":1,"featured_media":0,"parent":0,"menu_order":0,"comment_status":"closed","ping_status":"closed","template":"","meta":{"site-sidebar-layout":"no-sidebar","site-content-layout":"page-builder","ast-global-header-display":"","ast-main-header-display":"","ast-hfb-above-header-display":"","ast-hfb-below-header-display":"","ast-hfb-mobile-header-display":"","site-post-title":"disabled","ast-breadcrumbs-content":"","ast-featured-img":"disabled","footer-sml-layout":"","theme-transparent-header-meta":"","adv-header-id-meta":"","stick-header-meta":"","header-above-stick-meta":"","header-main-stick-meta":"","header-below-stick-meta":"","footnotes":""},"class_list":["post-18966","page","type-page","status-publish","hentry"],"_links":{"self":[{"href":"https:\/\/tesser4x4.hostpress.me\/it\/wp-json\/wp\/v2\/pages\/18966","targetHints":{"allow":["GET"]}}],"collection":[{"href":"https:\/\/tesser4x4.hostpress.me\/it\/wp-json\/wp\/v2\/pages"}],"about":[{"href":"https:\/\/tesser4x4.hostpress.me\/it\/wp-json\/wp\/v2\/types\/page"}],"author":[{"embeddable":true,"href":"https:\/\/tesser4x4.hostpress.me\/it\/wp-json\/wp\/v2\/users\/1"}],"replies":[{"embeddable":true,"href":"https:\/\/tesser4x4.hostpress.me\/it\/wp-json\/wp\/v2\/comments?post=18966"}],"version-history":[{"count":1,"href":"https:\/\/tesser4x4.hostpress.me\/it\/wp-json\/wp\/v2\/pages\/18966\/revisions"}],"predecessor-version":[{"id":18967,"href":"https:\/\/tesser4x4.hostpress.me\/it\/wp-json\/wp\/v2\/pages\/18966\/revisions\/18967"}],"wp:attachment":[{"href":"https:\/\/tesser4x4.hostpress.me\/it\/wp-json\/wp\/v2\/media?parent=18966"}],"curies":[{"name":"wp","href":"https:\/\/api.w.org\/{rel}","templated":true}]}}