{"id":7120,"date":"2022-04-20T12:24:16","date_gmt":"2022-04-20T12:24:16","guid":{"rendered":"http:\/\/s890096204.online.de\/modalita-di-pagamento"},"modified":"2022-10-24T19:11:03","modified_gmt":"2022-10-24T19:11:03","slug":"modalita-di-pagamento","status":"publish","type":"page","link":"https:\/\/tesser4x4.hostpress.me\/it\/modalita-di-pagamento","title":{"rendered":"Modalit\u00e0 di pagamento"},"content":{"rendered":"<p>\n            <b style=\"font-style: inherit; color: var( --e-global-color-text ); font-family: var( --e-global-typography-text-font-family ), Sans-serif; background-color: var( --e-global-color-74b4026 );\">Bei Lieferungen im Inland (Deutschland) haben Sie folgende Zahlungsm\u00f6glichkeiten:<\/b>\n          <\/p>\n<ul>\n<li>\n              Barzahlung bei Abholung\n            <\/li>\n<li>\n              Vorkasse per \u00dcberweisung\n            <\/li>\n<li>\n              Zahlung per Nachnahme (zzgl. Nachnahmegeb\u00fchr 0 \u20ac)\n            <\/li>\n<li>\n              Zahlung per PayPal\n            <\/li>\n<\/ul>\n<p>\n            <b>Bei Lieferungen ins Ausland haben Sie folgende Zahlungsm\u00f6glichkeiten:<\/b>\n          <\/p>\n<ul>\n<li>\n              Barzahlung bei Abholung\n            <\/li>\n<li>\n              Vorkasse per \u00dcberweisung\n            <\/li>\n<li>\n              Zahlung per PayPal\n            <\/li>\n<\/ul>\n<p><b>Unsere Bankverbindung:<\/b><br \/>Commerzbank Ravensburg<br \/>IBAN: DE91 6504 0073 0241 4530 00<br \/>Swift: DRESDEFF650<\/p>\n<p>Bei Fragen finden Sie unsere Kontaktdaten im <a href=\"https:\/\/tesser4x4.hostpress.me\/it\/impressumit\">Impressum<\/a>.<\/p>\n","protected":false},"excerpt":{"rendered":"<p>Bei Lieferungen im Inland (Deutschland) haben Sie folgende Zahlungsm\u00f6glichkeiten: Barzahlung bei Abholung Vorkasse per \u00dcberweisung Zahlung per Nachnahme (zzgl. Nachnahmegeb\u00fchr 0 \u20ac) Zahlung per PayPal Bei Lieferungen ins Ausland haben Sie folgende Zahlungsm\u00f6glichkeiten: Barzahlung bei Abholung Vorkasse per \u00dcberweisung Zahlung per PayPal Unsere Bankverbindung:Commerzbank RavensburgIBAN: DE91 6504 0073 0241 4530 00Swift: DRESDEFF650 Bei Fragen finden &hellip;<\/p>\n<p class=\"read-more\"> <a class=\"\" href=\"https:\/\/tesser4x4.hostpress.me\/it\/modalita-di-pagamento\"> <span class=\"screen-reader-text\">Modalit\u00e0 di pagamento<\/span> Leggi altro &raquo;<\/a><\/p>\n","protected":false},"author":1,"featured_media":0,"parent":0,"menu_order":0,"comment_status":"closed","ping_status":"closed","template":"elementor_header_footer","meta":{"site-sidebar-layout":"default","site-content-layout":"default","ast-global-header-display":"","ast-main-header-display":"","ast-hfb-above-header-display":"","ast-hfb-below-header-display":"","ast-hfb-mobile-header-display":"","site-post-title":"","ast-breadcrumbs-content":"","ast-featured-img":"","footer-sml-layout":"","theme-transparent-header-meta":"","adv-header-id-meta":"","stick-header-meta":"","header-above-stick-meta":"","header-main-stick-meta":"","header-below-stick-meta":"","footnotes":""},"class_list":["post-7120","page","type-page","status-publish","hentry"],"_links":{"self":[{"href":"https:\/\/tesser4x4.hostpress.me\/it\/wp-json\/wp\/v2\/pages\/7120","targetHints":{"allow":["GET"]}}],"collection":[{"href":"https:\/\/tesser4x4.hostpress.me\/it\/wp-json\/wp\/v2\/pages"}],"about":[{"href":"https:\/\/tesser4x4.hostpress.me\/it\/wp-json\/wp\/v2\/types\/page"}],"author":[{"embeddable":true,"href":"https:\/\/tesser4x4.hostpress.me\/it\/wp-json\/wp\/v2\/users\/1"}],"replies":[{"embeddable":true,"href":"https:\/\/tesser4x4.hostpress.me\/it\/wp-json\/wp\/v2\/comments?post=7120"}],"version-history":[{"count":5,"href":"https:\/\/tesser4x4.hostpress.me\/it\/wp-json\/wp\/v2\/pages\/7120\/revisions"}],"predecessor-version":[{"id":10209,"href":"https:\/\/tesser4x4.hostpress.me\/it\/wp-json\/wp\/v2\/pages\/7120\/revisions\/10209"}],"wp:attachment":[{"href":"https:\/\/tesser4x4.hostpress.me\/it\/wp-json\/wp\/v2\/media?parent=7120"}],"curies":[{"name":"wp","href":"https:\/\/api.w.org\/{rel}","templated":true}]}}