{"id":7127,"date":"2022-04-20T12:29:45","date_gmt":"2022-04-20T12:29:45","guid":{"rendered":"http:\/\/s890096204.online.de\/conferma-e-invia-lordine"},"modified":"2022-12-05T08:46:30","modified_gmt":"2022-12-05T08:46:30","slug":"conferma-e-invia-lordine","status":"publish","type":"page","link":"https:\/\/tesser4x4.hostpress.me\/it\/conferma-e-invia-lordine","title":{"rendered":"Conferma e invia l&#8217;ordine"},"content":{"rendered":"<p>\n            Bei <a href=\"https:\/\/tesser4x4.hostpress.me\/it\">tesser4x4.com<\/a>, <a href=\"http:\/\/blueice-shop.de\">blueice-shop.de<\/a> \/ <a href=\"https:\/\/tesser4x4.de\">tesser4x4.de<\/a> k\u00f6nnen Sie an 7 Tagen pro Woche, rund um die Uhr, bequem und ohne Mindestbestellwert einkaufen. Wir sind online immer f\u00fcr Sie da!<\/p>\n<p>\n            <b>Sie bestellen in unserem Shop \u00fcber die folgenden Bestellschritte:<\/b>\n          <\/p>\n<p><b>1. Warenkorb<\/b><br \/>Suchen Sie sich Ihre Wunschprodukte aus, die Sie bestellen m\u00f6chten, in dem Sie den &#8220;Warenkorb&#8221; Button anklicken. Dadurch wird Ihre Auswahl in den Warenkorb gelegt. Bis zum Absenden ihrer Bestellung k\u00f6nnen Sie jederzeit im Warenkorb die Menge \u00e4ndern oder auch nicht gew\u00fcnschte Produkte raus l\u00f6schen.<\/p>\n<p><b>2. Anmelden und Anschrift<\/b><br \/>Sind Sie schon Kunde und haben bereits schon einmal ein Konto bei uns angelegt, k\u00f6nnen Sie sich bequem mit Ihrer E-Mail Adresse und Ihrem Passwort anmelden. Bestellen Sie dagegen zum ersten Mal bei blueice-shop.de \/ tesser4x4.de, k\u00f6nnen Sie w\u00e4hlen, ob Sie als Gast (ohne Kundenkonto) oder mit einem eigenen Kundenkonto bestellen m\u00f6chten.<br \/>Ihre Daten werden unter Beachtung datenschutzrechtlicher Bestimmungen erhoben, verarbeitet und sicher genutzt.<br \/>\u00dcberpr\u00fcfen Sie nun Ihre Rechnungsadresse und geben Sie, insofern gew\u00fcnscht, eine separate Lieferadresse an. Eine separate Lieferadresse ben\u00f6tigen Sie nur, wenn sie an eine andere Adresse, als die der Rechnungsanschrift, die Bestellung liefern lassen m\u00f6chten. Durch Klicken des Buttons &#8220;Weiter&#8221; gelangen Sie zum n\u00e4chsten Bestellschritt.<\/p>\n<p><b>3. Zahlungsart und Versandart<\/b><br \/>Hier legen Sie fest, mit welcher Zahlungsweise und welcher Versandart Ihre Bestellung abgeschlossen werden soll. Zum n\u00e4chsten Schritt gelangen Sie \u00fcber den Button &#8220;Weiter&#8221;.<\/p>\n<p><b>4. Pr\u00fcfen und Bestellen<\/b><br \/>Im letzten Schritt k\u00f6nnen Sie nochmals Ihre Bestellung zusammenfassend pr\u00fcfen. Sie k\u00f6nnen zu allen vorhergehenden Schritten nochmals eine \u00c4nderung vornehmen. Mit dem Klicken des Button &#8220;Zahlungspflichtig bestellen&#8221; \u00fcbersenden Sie Ihre Bestellung an uns. Nach Eingang Ihrer Bestellung bei uns, wird Ihnen eine automatische Best\u00e4tigung per E-Mail gesandt.<\/p>\n<p><b>So erreichen Sie uns:<\/b><br \/>F\u00fcr Fragen zum Bestellablauf stehen wir Ihnen gerne jederzeit zur Verf\u00fcgung unter:<\/p>\n<ul>\n<li><b>Telefon:<\/b> +49 (0)7581 5080912 (Servicezeiten Mo-Fr. 8-16 Uhr). Lassen Sie lang klingeln. Ist das B\u00fcro nicht besetzt, schaltet die Leitung durch auf unser Mobiles Telefon. Es entstehen Ihnen dadurch keine zus\u00e4tzlichen Kosten.<\/li>\n<li><b>E-Mail: <\/b>info@tesser4x4.de<\/li>\n<\/ul>\n<p><a href=\"https:\/\/tesser4x4.hostpress.me\/it\">www.tesser4x4.com<\/a> oder <a href=\"https:\/\/tesser4x4.de\">www.tesser4x4.de<\/a> ist jederzeit auch mobil erreichbar. Gehen Sie einfach mit Ihrem Handy-Browser auf <a href=\"https:\/\/tesser4x4.hostpress.me\/it\">www.tesser4x4.com<\/a> oder <a href=\"https:\/\/tesser4x4.de\">www.tesser4x4.de<\/a> und der mobile Webshop wird Ihnen automatisch angezeigt. Wir w\u00fcnschen Ihnen viel Spa\u00df beim mobilen Surfen!<\/p>\n","protected":false},"excerpt":{"rendered":"<p>Bei tesser4x4.com, blueice-shop.de \/ tesser4x4.de k\u00f6nnen Sie an 7 Tagen pro Woche, rund um die Uhr, bequem und ohne Mindestbestellwert einkaufen. Wir sind online immer f\u00fcr Sie da! Sie bestellen in unserem Shop \u00fcber die folgenden Bestellschritte: 1. WarenkorbSuchen Sie sich Ihre Wunschprodukte aus, die Sie bestellen m\u00f6chten, in dem Sie den &#8220;Warenkorb&#8221; Button anklicken. &hellip;<\/p>\n<p class=\"read-more\"> <a class=\"\" href=\"https:\/\/tesser4x4.hostpress.me\/it\/conferma-e-invia-lordine\"> <span class=\"screen-reader-text\">Conferma e invia l&#8217;ordine<\/span> Leggi altro &raquo;<\/a><\/p>\n","protected":false},"author":1,"featured_media":0,"parent":0,"menu_order":0,"comment_status":"closed","ping_status":"closed","template":"elementor_header_footer","meta":{"site-sidebar-layout":"default","site-content-layout":"default","ast-global-header-display":"","ast-main-header-display":"","ast-hfb-above-header-display":"","ast-hfb-below-header-display":"","ast-hfb-mobile-header-display":"","site-post-title":"","ast-breadcrumbs-content":"","ast-featured-img":"","footer-sml-layout":"","theme-transparent-header-meta":"","adv-header-id-meta":"","stick-header-meta":"","header-above-stick-meta":"","header-main-stick-meta":"","header-below-stick-meta":"","footnotes":""},"class_list":["post-7127","page","type-page","status-publish","hentry"],"_links":{"self":[{"href":"https:\/\/tesser4x4.hostpress.me\/it\/wp-json\/wp\/v2\/pages\/7127","targetHints":{"allow":["GET"]}}],"collection":[{"href":"https:\/\/tesser4x4.hostpress.me\/it\/wp-json\/wp\/v2\/pages"}],"about":[{"href":"https:\/\/tesser4x4.hostpress.me\/it\/wp-json\/wp\/v2\/types\/page"}],"author":[{"embeddable":true,"href":"https:\/\/tesser4x4.hostpress.me\/it\/wp-json\/wp\/v2\/users\/1"}],"replies":[{"embeddable":true,"href":"https:\/\/tesser4x4.hostpress.me\/it\/wp-json\/wp\/v2\/comments?post=7127"}],"version-history":[{"count":5,"href":"https:\/\/tesser4x4.hostpress.me\/it\/wp-json\/wp\/v2\/pages\/7127\/revisions"}],"predecessor-version":[{"id":10623,"href":"https:\/\/tesser4x4.hostpress.me\/it\/wp-json\/wp\/v2\/pages\/7127\/revisions\/10623"}],"wp:attachment":[{"href":"https:\/\/tesser4x4.hostpress.me\/it\/wp-json\/wp\/v2\/media?parent=7127"}],"curies":[{"name":"wp","href":"https:\/\/api.w.org\/{rel}","templated":true}]}}