{"id":6911,"date":"2022-02-03T08:38:47","date_gmt":"2022-04-12T14:17:39","guid":{"rendered":"http:\/\/s890096204.online.de\/produkt\/paraurti-con-tubolari-rigidi-bullbar-bull-bar-black-edition-per-toyota-hilux-2021"},"modified":"2022-04-12T14:17:39","modified_gmt":"2022-04-12T14:17:39","slug":"paraurti-con-tubolari-rigidi-bullbar-black-edition-per-toyota-hilux-2021","status":"publish","type":"product","link":"https:\/\/tesser4x4.hostpress.me\/it\/produkt\/paraurti-con-tubolari-rigidi-bullbar-black-edition-per-toyota-hilux-2021","title":{"rendered":"Paraurti con tubolari rigidi BULLBAR BULL BAR black edition per TOYOTA HILUX 2021+"},"content":{"rendered":"<p>Il <strong>bullbar black edition (nero)<\/strong> \u00e8 adatto per <strong>Toyota Hilux 2021+<\/strong> e ha un <strong>diametro<\/strong>di <strong>70 mm<\/strong> e uno spessore di 2 mm.<br \/>\nIl <strong>bullbar black edition (nero<\/strong>) \u00e8 realizzato in <strong>acciaio inossidabile (AISI 304)<\/strong>.<\/p>\n<p>Il <strong>bullbar frontale<\/strong> \u00e8 <strong>omologata dall&#8217;UE<\/strong> ed \u00e8 stata prodotta in conformit\u00e0 con le pi\u00f9 recenti norme UE e i requisiti della <strong>Direttiva 78\/2009\/CE<\/strong>.<\/p>\n<p><strong>Numero oggetto:<\/strong><br \/>\n181BULLTOYOTAB (DGUNV2-R2170-06)<\/p>\n<p><strong>Adatto per:<\/strong><br \/>\nToyota Hilux 2021+<\/p>\n<p><strong>Compatibile con:<\/strong> Invincible, Rogue, Rugged<br \/>\n<strong>Compatibile con i sensori di parcheggio:<\/strong> Ja<br \/>\n<strong>Compatibile con il sistema Toyota Safety Sense:<\/strong> Ja<\/p>\n<p><strong>La vendita comprende:<\/strong><br \/>\n1 Paraurti con tubolari rigidi BULLBAR black edition (nero) in acciaio AISI 304<br \/>\n1 KIT di montaggio<br \/>\n1 Istruzione di montaggio<\/p>\n","protected":false},"excerpt":{"rendered":"<p><strong>Paraurti con tubolari rigidi BULLBAR BULL BAR acciaio AISI 304 black edition (nero) <\/strong><strong> per Toyota Hilux 2021+, lucidato a mano, qualit\u00e0 top<\/strong><\/p>\n","protected":false},"featured_media":6648,"comment_status":"open","ping_status":"closed","template":"","meta":{"site-sidebar-layout":"default","site-content-layout":"default","ast-global-header-display":"","ast-main-header-display":"","ast-hfb-above-header-display":"","ast-hfb-below-header-display":"","ast-hfb-mobile-header-display":"","site-post-title":"","ast-breadcrumbs-content":"","ast-featured-img":"","footer-sml-layout":"","theme-transparent-header-meta":"default","adv-header-id-meta":"","stick-header-meta":"","header-above-stick-meta":"","header-main-stick-meta":"","header-below-stick-meta":""},"product_cat":[350],"product_tag":[373,372,374],"fahrzeug":[167,168,169,175,176,177,174],"class_list":{"0":"post-6911","1":"product","2":"type-product","3":"status-publish","4":"has-post-thumbnail","6":"product_cat-bullbar-it","7":"product_tag-bullbar-it","8":"product_tag-paraurti-con-tubolari-rigidi","9":"product_tag-toyota-hilux-2021-it","10":"product_shipping_class-spedizione-accessori","11":"fahrzeug-toyota","12":"fahrzeug-revo","13":"fahrzeug-revo-mit-oem-rollbar","14":"fahrzeug-double-cab-revo","15":"fahrzeug-space-cab-revo","16":"fahrzeug-space-cab-revo-mit-oem-rollbar","17":"fahrzeug-double-cab-revo-mit-oem-rollbar","18":"tm-no-options","20":"first","21":"instock","22":"taxable","23":"shipping-taxable","24":"purchasable","25":"product-type-simple"},"_links":{"self":[{"href":"https:\/\/tesser4x4.hostpress.me\/it\/wp-json\/wp\/v2\/product\/6911","targetHints":{"allow":["GET"]}}],"collection":[{"href":"https:\/\/tesser4x4.hostpress.me\/it\/wp-json\/wp\/v2\/product"}],"about":[{"href":"https:\/\/tesser4x4.hostpress.me\/it\/wp-json\/wp\/v2\/types\/product"}],"replies":[{"embeddable":true,"href":"https:\/\/tesser4x4.hostpress.me\/it\/wp-json\/wp\/v2\/comments?post=6911"}],"wp:featuredmedia":[{"embeddable":true,"href":"https:\/\/tesser4x4.hostpress.me\/it\/wp-json\/wp\/v2\/media\/6648"}],"wp:attachment":[{"href":"https:\/\/tesser4x4.hostpress.me\/it\/wp-json\/wp\/v2\/media?parent=6911"}],"wp:term":[{"taxonomy":"product_cat","embeddable":true,"href":"https:\/\/tesser4x4.hostpress.me\/it\/wp-json\/wp\/v2\/product_cat?post=6911"},{"taxonomy":"product_tag","embeddable":true,"href":"https:\/\/tesser4x4.hostpress.me\/it\/wp-json\/wp\/v2\/product_tag?post=6911"},{"taxonomy":"fahrzeug","embeddable":true,"href":"https:\/\/tesser4x4.hostpress.me\/it\/wp-json\/wp\/v2\/fahrzeug?post=6911"}],"curies":[{"name":"wp","href":"https:\/\/api.w.org\/{rel}","templated":true}]}}