{"id":6921,"date":"2022-02-03T07:57:56","date_gmt":"2022-04-13T07:34:02","guid":{"rendered":"http:\/\/s890096204.online.de\/produkt\/paraurti-con-tubolari-rigidi-bullbar-bull-bar-acciaio-lucido-per-vw-amarok-dal-2016"},"modified":"2022-04-13T07:34:02","modified_gmt":"2022-04-13T07:34:02","slug":"paraurti-con-tubolari-rigidi-acciaio-lucido-aisi-304-per-vw-amarok-ab-2016","status":"publish","type":"product","link":"https:\/\/tesser4x4.hostpress.me\/it\/produkt\/paraurti-con-tubolari-rigidi-acciaio-lucido-aisi-304-per-vw-amarok-ab-2016","title":{"rendered":"Paraurti con tubolari rigidi BULLBAR BULL BAR acciaio lucido per VW Amarok dal 2016+"},"content":{"rendered":"<p>Il <strong>bullbar<\/strong>\u00e8 adatto per <strong>VW Amarok dal 2016+<\/strong> e ha un <strong>diametro<\/strong>di <strong>70 mm<\/strong> e uno spessore di 2 mm.<br \/>\nIl <strong>bullbar<\/strong>\u00e8 realizzato in <strong>acciaio inossidabile (AISI 304)<\/strong>e <strong>lucidato a mano<\/strong> per garantire durata e fornire una protezione aggiuntiva agli elementi integrali.<\/p>\n<p>Il <strong>bullbar frontale<\/strong> \u00e8 <strong>omologata dall&#8217;UE<\/strong> ed \u00e8 stata prodotta in conformit\u00e0 con le pi\u00f9 recenti norme UE e i requisiti della <strong>Direttiva 78\/2009\/CE<\/strong>.<\/p>\n<p><strong>Numero oggetto:<\/strong><br \/>\n147BULLBARSILVER (AMAROK-R1670-06)<\/p>\n<p><strong>Adatto per:<\/strong><br \/>\nVW Amarok dal 2016+<\/p>\n<p><strong>Compatibile con i sensori di parcheggio:<\/strong> Ja<\/p>\n<p><strong>La vendita comprende:<\/strong><br \/>\n1 Paraurti con tubolari rigidi BULLBAR in acciaio AISI 304 lucidato a mano<br \/>\n1 KIT di montaggio<br \/>\n1 Istruzione di montaggio<\/p>\n","protected":false},"excerpt":{"rendered":"<p><strong>Paraurti con tubolari rigidi BULLBAR BULL BAR acciaio AISI 304 lucido per VW Amarok dal 2016+<\/strong><\/p>\n","protected":false},"featured_media":6641,"comment_status":"open","ping_status":"closed","template":"","meta":{"site-sidebar-layout":"default","site-content-layout":"default","ast-global-header-display":"","ast-main-header-display":"","ast-hfb-above-header-display":"","ast-hfb-below-header-display":"","ast-hfb-mobile-header-display":"","site-post-title":"","ast-breadcrumbs-content":"","ast-featured-img":"","footer-sml-layout":"","theme-transparent-header-meta":"default","adv-header-id-meta":"","stick-header-meta":"","header-above-stick-meta":"","header-main-stick-meta":"","header-below-stick-meta":""},"product_cat":[350],"product_tag":[373,372,378],"fahrzeug":[156,157,158,160,159,161],"class_list":{"0":"post-6921","1":"product","2":"type-product","3":"status-publish","4":"has-post-thumbnail","6":"product_cat-bullbar-it","7":"product_tag-bullbar-it","8":"product_tag-paraurti-con-tubolari-rigidi","9":"product_tag-vw-amarok-dal-2016","10":"product_shipping_class-spedizione-accessori","11":"fahrzeug-vw","12":"fahrzeug-amarok","13":"fahrzeug-amarok-mit-oem-rollbar","14":"fahrzeug-aventura","15":"fahrzeug-canyon","16":"fahrzeug-amarok-holland","17":"tm-no-options","19":"first","20":"instock","21":"taxable","22":"shipping-taxable","23":"purchasable","24":"product-type-simple"},"_links":{"self":[{"href":"https:\/\/tesser4x4.hostpress.me\/it\/wp-json\/wp\/v2\/product\/6921","targetHints":{"allow":["GET"]}}],"collection":[{"href":"https:\/\/tesser4x4.hostpress.me\/it\/wp-json\/wp\/v2\/product"}],"about":[{"href":"https:\/\/tesser4x4.hostpress.me\/it\/wp-json\/wp\/v2\/types\/product"}],"replies":[{"embeddable":true,"href":"https:\/\/tesser4x4.hostpress.me\/it\/wp-json\/wp\/v2\/comments?post=6921"}],"wp:featuredmedia":[{"embeddable":true,"href":"https:\/\/tesser4x4.hostpress.me\/it\/wp-json\/wp\/v2\/media\/6641"}],"wp:attachment":[{"href":"https:\/\/tesser4x4.hostpress.me\/it\/wp-json\/wp\/v2\/media?parent=6921"}],"wp:term":[{"taxonomy":"product_cat","embeddable":true,"href":"https:\/\/tesser4x4.hostpress.me\/it\/wp-json\/wp\/v2\/product_cat?post=6921"},{"taxonomy":"product_tag","embeddable":true,"href":"https:\/\/tesser4x4.hostpress.me\/it\/wp-json\/wp\/v2\/product_tag?post=6921"},{"taxonomy":"fahrzeug","embeddable":true,"href":"https:\/\/tesser4x4.hostpress.me\/it\/wp-json\/wp\/v2\/fahrzeug?post=6921"}],"curies":[{"name":"wp","href":"https:\/\/api.w.org\/{rel}","templated":true}]}}