{"id":7234,"date":"2022-01-19T09:16:15","date_gmt":"2022-04-27T12:49:02","guid":{"rendered":"http:\/\/s890096204.online.de\/produkt\/rollbar-rb-407-inox-aps-095-per-copricassone-della-serie-sot-roll"},"modified":"2024-05-09T09:30:43","modified_gmt":"2024-05-09T09:30:43","slug":"rollbar-rb-407-inox-aps-095-inox-acciaio-inossidabile-per-tesser4x4-copricassoni-della-serie-sot-roll","status":"publish","type":"product","link":"https:\/\/tesser4x4.hostpress.me\/it\/produkt\/rollbar-rb-407-inox-aps-095-inox-acciaio-inossidabile-per-tesser4x4-copricassoni-della-serie-sot-roll","title":{"rendered":"Rollbar RB 407 INOX-APS 095 per copricassone della serie SOT ROLL"},"content":{"rendered":"<p><strong>Per tutte le coperture cassone della Serie SOT ROLL<br \/>\nRB 407 INOX &#8211; APS 095 INOX ROLLBAR per VW AMAROK FORD RANGER MITSUBISHI TOYOTA NISSAN SSANGYONG<br \/>\n<\/strong><br \/>\n<span style=\"font-family: arial, helvetica, sans-serif;\"><a href=\"https:\/\/tesser4x4.hostpress.me\/wp-content\/uploads\/2021\/12\/tuevaustria.jpg\"><img decoding=\"async\" class=\"alignnone size-full wp-image-5359\" src=\"https:\/\/tesser4x4.hostpress.me\/wp-content\/uploads\/2021\/12\/tuevaustria.jpg\" alt=\"\" width=\"135\" height=\"98\"><\/a>Certificato<br \/>\n<\/span><br \/>\nRoll bar in due parti di tubo inossidabile, divisibile per adattarsi in maniera perfetta alle dimensioni dei vari cassoni, molto resistente per il carico grazie al supporto rinforzato (pezzo unico), compresa la griglia protettiva in duralluminio rinforzato Option f\u00fcr Montage von Zubeh\u00f6r wie z. Bsp. Zusatzscheinwerfer, handgefertigter B\u00fcgel aus Edelstahlrohr F32,5, inkl. Schutzgitter aus verst\u00e4rkten Duralumin.   <\/p>\n<p>Disponibile extra di un terzo stop (CODICE STOP 5000) con speciale base in lamiera traforata inossidabile dove l&#8217;installazione avviene senza fori (da acquistare separatamente).<\/p>\n<p><strong>Numero oggetto:<\/strong><br \/>\n<strong>117RB407APSINOX<\/strong><br \/>\n<strong>RB 407 INOX &#8211; APS 095 INOX<\/strong><br \/>\nStandard: Acciaio inossidabile<\/p>\n<p><strong>Adatto per:<\/strong><br \/>\ntutti i modelli della serie SOT ROLL (si prega di informarsi)<\/p>\n<p><strong>La vendita comprende:<\/strong><br \/>\n1 Rollbar <strong>RB 407 INOX &#8211; APS 095 INOX<\/strong> per l\u00b4auto selezionata<br \/>\n1 Istruzione di montaggio dettagliate con foto<\/p>\n","protected":false},"excerpt":{"rendered":"<p><strong>Il Rollbar RB 407 INOX-APS 095 \u00e8 adatto per tutte le coperture cassone della serie SOT ROLL<\/strong><\/p>\n","protected":false},"featured_media":6319,"comment_status":"open","ping_status":"closed","template":"","meta":{"site-sidebar-layout":"default","site-content-layout":"default","ast-global-header-display":"","ast-main-header-display":"","ast-hfb-above-header-display":"","ast-hfb-below-header-display":"","ast-hfb-mobile-header-display":"","site-post-title":"","ast-breadcrumbs-content":"","ast-featured-img":"","footer-sml-layout":"","theme-transparent-header-meta":"default","adv-header-id-meta":"","stick-header-meta":"","header-above-stick-meta":"","header-main-stick-meta":"","header-below-stick-meta":""},"product_cat":[360],"product_tag":[429,440,445],"fahrzeug":[540,539,75,80,83,77,323,134,324,325,135,136,137,138,139,140,143,144,146,147,149,150,151,152,156,157,161,167,168,170,175,176,173,178,180,184,190,192,193,182,181,183,191,188,187,186,189,194,205,206,197,195,196,466,198,199,200,201,202,207,210,213,332,331,211,212,208,330,209,214,215,334,333,218,217,336,335,338,337],"class_list":{"0":"post-7234","1":"product","2":"type-product","3":"status-publish","4":"has-post-thumbnail","6":"product_cat-rollbar","7":"product_tag-rb-407-inox-aps-095-it","8":"product_tag-rollbar-it","9":"product_tag-rollbar-it-it","10":"fahrzeug-cross-4","11":"fahrzeug-evo","12":"fahrzeug-ford","13":"fahrzeug-double-cab-xlt-ford","14":"fahrzeug-single-cab-xlt","15":"fahrzeug-xlt","16":"fahrzeug-double-cab-ranger-ab-2007-2011","17":"fahrzeug-space-cab-ranger-ab-2007-2011","18":"fahrzeug-ranger-ab-2007-2011","19":"fahrzeug-double-cab-alte-modelle","20":"fahrzeug-space-cab-alte-modelle","21":"fahrzeug-ranger-ab-1998-2007","22":"fahrzeug-fiat","23":"fahrzeug-fullback","24":"fahrzeug-double-cab-fullback","25":"fahrzeug-space-cab-fullback","26":"fahrzeug-mercedes-benz","27":"fahrzeug-x-klasse","28":"fahrzeug-renault","29":"fahrzeug-alaskan","30":"fahrzeug-ssangyong","31":"fahrzeug-actyon-sport","32":"fahrzeug-musso-rexton-sports","33":"fahrzeug-musso-rexton-sports-xl","34":"fahrzeug-vw","35":"fahrzeug-amarok","36":"fahrzeug-amarok-holland","37":"fahrzeug-toyota","38":"fahrzeug-revo","39":"fahrzeug-vigo","40":"fahrzeug-double-cab-revo","41":"fahrzeug-space-cab-revo","42":"fahrzeug-double-cab-vigo","43":"fahrzeug-space-cab-vigo","44":"fahrzeug-isuzu","45":"fahrzeug-double-cab-d-max-ab-2007-2011","46":"fahrzeug-space-cab-d-max-ab-2007-2011","47":"fahrzeug-double-cab-d-max-ab-2003-2007","48":"fahrzeug-space-cab-d-max-ab-2003-2007","49":"fahrzeug-d-max-ab-2021","50":"fahrzeug-d-max-ab-2012-2020","51":"fahrzeug-d-max-ab-2007-2011","52":"fahrzeug-d-max-ab-2003-2007","53":"fahrzeug-space-cab-d-max-ab-2021","54":"fahrzeug-double-cab-d-max-ab-2021","55":"fahrzeug-double-cab-d-max-ab-2012-2020","56":"fahrzeug-space-cab-d-max-ab-2012-2020","57":"fahrzeug-nissan","58":"fahrzeug-double-cab-d22","59":"fahrzeug-space-cab-d22","60":"fahrzeug-d22","61":"fahrzeug-double-cab-d23","62":"fahrzeug-space-cab-d23","63":"fahrzeug-d23","64":"fahrzeug-double-cab-156cm-version","65":"fahrzeug-double-cab-165cm-version","66":"fahrzeug-space-cab-d40","67":"fahrzeug-d40","68":"fahrzeug-frontier","69":"fahrzeug-mazda","70":"fahrzeug-bt-50","71":"fahrzeug-double-cab-bt-50","72":"fahrzeug-space-cab-bt-50","73":"fahrzeug-bt-50-ab-2007-2011","74":"fahrzeug-double-cab-bt-50-ab-2007-2011","75":"fahrzeug-space-cab-bt-50-ab-2007-2011","76":"fahrzeug-b2500-b2600","77":"fahrzeug-double-cab-b2500-b2600","78":"fahrzeug-space-cab-b2500-b2600","79":"fahrzeug-mitsubishi","80":"fahrzeug-l200","81":"fahrzeug-double-cab-l200","82":"fahrzeug-space-cab-l200","83":"fahrzeug-l200-ab-2006-2015","84":"fahrzeug-double-cab-l200-ab-2006-2015","85":"fahrzeug-space-cab-l200-ab-2006-2015","86":"fahrzeug-l200-ab-1998-2005","87":"fahrzeug-double-cab-l200-ab-1998-2005","88":"fahrzeug-space-cab-l200-ab-1998-2005","89":"tm-no-options","91":"first","92":"instock","93":"taxable","94":"shipping-taxable","95":"purchasable","96":"product-type-simple"},"_links":{"self":[{"href":"https:\/\/tesser4x4.hostpress.me\/it\/wp-json\/wp\/v2\/product\/7234","targetHints":{"allow":["GET"]}}],"collection":[{"href":"https:\/\/tesser4x4.hostpress.me\/it\/wp-json\/wp\/v2\/product"}],"about":[{"href":"https:\/\/tesser4x4.hostpress.me\/it\/wp-json\/wp\/v2\/types\/product"}],"replies":[{"embeddable":true,"href":"https:\/\/tesser4x4.hostpress.me\/it\/wp-json\/wp\/v2\/comments?post=7234"}],"wp:featuredmedia":[{"embeddable":true,"href":"https:\/\/tesser4x4.hostpress.me\/it\/wp-json\/wp\/v2\/media\/6319"}],"wp:attachment":[{"href":"https:\/\/tesser4x4.hostpress.me\/it\/wp-json\/wp\/v2\/media?parent=7234"}],"wp:term":[{"taxonomy":"product_cat","embeddable":true,"href":"https:\/\/tesser4x4.hostpress.me\/it\/wp-json\/wp\/v2\/product_cat?post=7234"},{"taxonomy":"product_tag","embeddable":true,"href":"https:\/\/tesser4x4.hostpress.me\/it\/wp-json\/wp\/v2\/product_tag?post=7234"},{"taxonomy":"fahrzeug","embeddable":true,"href":"https:\/\/tesser4x4.hostpress.me\/it\/wp-json\/wp\/v2\/fahrzeug?post=7234"}],"curies":[{"name":"wp","href":"https:\/\/api.w.org\/{rel}","templated":true}]}}